
{"id":9319,"date":"2025-11-19T21:48:51","date_gmt":"2025-11-19T21:48:51","guid":{"rendered":"https:\/\/educatiedeschisa.com\/product\/inteligenta-emotionala-la-clasa\/"},"modified":"2026-02-12T10:45:52","modified_gmt":"2026-02-12T10:45:52","slug":"inteligenta-emotionala-la-clasa","status":"publish","type":"product","link":"https:\/\/educatiedeschisa.com\/ro\/produs\/inteligenta-emotionala-la-clasa\/","title":{"rendered":"Inteligen\u021ba emo\u021bional\u0103 la clas\u0103"},"content":{"rendered":"<p><strong>Inteligen\u021ba emo\u021bional\u0103 la clas\u0103<\/strong><\/p>\n<p>Durat\u0103: 24 de ore<\/p>\n<p>Tip curs e Learning: cu certificat de absolvire al cursului \u0219i supliment al certificatului \u00een format bilingv (rom\u00e2n\u0103-spaniol\u0103)<\/p>\n<p>Public-\u021bint\u0103: cadre didactice din \u00eenv\u0103\u021b\u0103m\u00e2ntul preuniversitar<\/p>\n<p><b>Pre\u021b curs:<\/b> 30 euro (159 lei)<\/p>\n","protected":false},"excerpt":{"rendered":"<p>Inteligen\u021ba emo\u021bional\u0103 la clas\u0103 Durat\u0103: 24 de ore Tip curs e Learning: cu certificat de absolvire al cursului \u0219i supliment al certificatului \u00een format bilingv (rom\u00e2n\u0103-spaniol\u0103) Public-\u021bint\u0103: cadre didactice din \u00eenv\u0103\u021b\u0103m\u00e2ntul preuniversitar Pre\u021b curs: 30 euro (159 lei)<\/p>\n","protected":false},"featured_media":7719,"template":"","meta":[],"product_brand":[],"product_cat":[342,375],"product_tag":[],"class_list":{"0":"post-9319","1":"product","2":"type-product","3":"status-publish","4":"has-post-thumbnail","6":"product_cat-inscriere","7":"product_cat-curs-prof","9":"first","10":"instock","11":"virtual","12":"sold-individually","13":"purchasable","14":"product-type-simple"},"_links":{"self":[{"href":"https:\/\/educatiedeschisa.com\/ro\/wp-json\/wp\/v2\/product\/9319","targetHints":{"allow":["GET"]}}],"collection":[{"href":"https:\/\/educatiedeschisa.com\/ro\/wp-json\/wp\/v2\/product"}],"about":[{"href":"https:\/\/educatiedeschisa.com\/ro\/wp-json\/wp\/v2\/types\/product"}],"wp:featuredmedia":[{"embeddable":true,"href":"https:\/\/educatiedeschisa.com\/ro\/wp-json\/wp\/v2\/media\/7719"}],"wp:attachment":[{"href":"https:\/\/educatiedeschisa.com\/ro\/wp-json\/wp\/v2\/media?parent=9319"}],"wp:term":[{"taxonomy":"product_brand","embeddable":true,"href":"https:\/\/educatiedeschisa.com\/ro\/wp-json\/wp\/v2\/product_brand?post=9319"},{"taxonomy":"product_cat","embeddable":true,"href":"https:\/\/educatiedeschisa.com\/ro\/wp-json\/wp\/v2\/product_cat?post=9319"},{"taxonomy":"product_tag","embeddable":true,"href":"https:\/\/educatiedeschisa.com\/ro\/wp-json\/wp\/v2\/product_tag?post=9319"}],"curies":[{"name":"wp","href":"https:\/\/api.w.org\/{rel}","templated":true}]}}