
{"id":9298,"date":"2025-11-19T18:16:31","date_gmt":"2025-11-19T18:16:31","guid":{"rendered":"https:\/\/educatiedeschisa.com\/product\/nuevo-curso\/"},"modified":"2026-02-12T10:45:35","modified_gmt":"2026-02-12T10:45:35","slug":"nuevo-curso","status":"publish","type":"product","link":"https:\/\/educatiedeschisa.com\/ro\/produs\/nuevo-curso\/","title":{"rendered":"Motivatia in clasa"},"content":{"rendered":"<p><b>MOTIVA\u021aIA \u00ceN SALA DE CLAS\u0102. STRATEGII, TEHNICI \u0218I APLICABILITATE PRACTIC\u0102<\/b><\/p>\n<p><b>Durat\u0103:<\/b> 24 de ore<br \/>\n<b><\/b><\/p>\n<p><b>Format:<\/b> Curs eLearning<br \/>\n<b><\/b><\/p>\n<p><b>Certificare:<\/b> Certificat de absolvire \u0219i supliment descriptiv, ambele \u00een format bilingv (rom\u00e2n\u0103\u2013spaniol\u0103)<\/p>\n","protected":false},"excerpt":{"rendered":"<p>MOTIVA\u021aIA \u00ceN SALA DE CLAS\u0102. STRATEGII, TEHNICI \u0218I APLICABILITATE PRACTIC\u0102 Durat\u0103: 24 de ore Format: Curs eLearning Certificare: Certificat de absolvire \u0219i supliment descriptiv, ambele \u00een format bilingv (rom\u00e2n\u0103\u2013spaniol\u0103)<\/p>\n","protected":false},"featured_media":7720,"template":"","meta":[],"product_brand":[],"product_cat":[342,375],"product_tag":[],"class_list":{"0":"post-9298","1":"product","2":"type-product","3":"status-publish","4":"has-post-thumbnail","6":"product_cat-inscriere","7":"product_cat-curs-prof","9":"first","10":"instock","11":"virtual","12":"sold-individually","13":"purchasable","14":"product-type-simple"},"_links":{"self":[{"href":"https:\/\/educatiedeschisa.com\/ro\/wp-json\/wp\/v2\/product\/9298","targetHints":{"allow":["GET"]}}],"collection":[{"href":"https:\/\/educatiedeschisa.com\/ro\/wp-json\/wp\/v2\/product"}],"about":[{"href":"https:\/\/educatiedeschisa.com\/ro\/wp-json\/wp\/v2\/types\/product"}],"wp:featuredmedia":[{"embeddable":true,"href":"https:\/\/educatiedeschisa.com\/ro\/wp-json\/wp\/v2\/media\/7720"}],"wp:attachment":[{"href":"https:\/\/educatiedeschisa.com\/ro\/wp-json\/wp\/v2\/media?parent=9298"}],"wp:term":[{"taxonomy":"product_brand","embeddable":true,"href":"https:\/\/educatiedeschisa.com\/ro\/wp-json\/wp\/v2\/product_brand?post=9298"},{"taxonomy":"product_cat","embeddable":true,"href":"https:\/\/educatiedeschisa.com\/ro\/wp-json\/wp\/v2\/product_cat?post=9298"},{"taxonomy":"product_tag","embeddable":true,"href":"https:\/\/educatiedeschisa.com\/ro\/wp-json\/wp\/v2\/product_tag?post=9298"}],"curies":[{"name":"wp","href":"https:\/\/api.w.org\/{rel}","templated":true}]}}