
{"id":9222,"date":"2025-11-17T13:09:35","date_gmt":"2025-11-17T13:09:35","guid":{"rendered":"https:\/\/educatiedeschisa.com\/?post_type=product&#038;p=9222"},"modified":"2026-02-12T10:45:57","modified_gmt":"2026-02-12T10:45:57","slug":"profesorul-european-curs-in-format-elearning","status":"publish","type":"product","link":"https:\/\/educatiedeschisa.com\/ro\/produs\/profesorul-european-curs-in-format-elearning\/","title":{"rendered":"PROFESORUL EUROPEAN"},"content":{"rendered":"<div class=\"vc_row wpb_row vc_row-fluid text-continut wd-rs-67c1ca64d92d4\">\n<div class=\"wpb_column vc_column_container vc_col-sm-12\">\n<div class=\"vc_column-inner\">\n<div class=\"wpb_wrapper\">\n<div class=\"wpb_text_column wpb_content_element\">\n<div class=\"wpb_wrapper\"><b>PROFESORUL EUROPEAN \u2013 CURS \u00ceN FORMAT ELEARNING<\/b><\/div>\n<div class=\"wpb_wrapper\">Structura cursului: \u201eProfesorul european\u201dDurat\u0103: 24 de oreTip curs: cu certificat de absolvire al cursului \u0219i supliment al certificatului \u00een format bilingv (rom\u00e2n\u0103-spaniol\u0103)<\/p>\n<p>Public-\u021bint\u0103: cadre didactice din \u00eenv\u0103\u021b\u0103m\u00e2ntul preuniversitar<\/p>\n<p><b>Pre\u021b curs:<\/b> 30 euro (159 lei)<\/p>\n<\/div>\n<\/div>\n<\/div>\n<\/div>\n<\/div>\n<\/div>\n","protected":false},"excerpt":{"rendered":"<p>PROFESORUL EUROPEAN \u2013 CURS \u00ceN FORMAT ELEARNING Structura cursului: \u201eProfesorul european\u201dDurat\u0103: 24 de oreTip curs: cu certificat de absolvire al cursului \u0219i supliment al certificatului \u00een format bilingv (rom\u00e2n\u0103-spaniol\u0103) Public-\u021bint\u0103: cadre didactice din \u00eenv\u0103\u021b\u0103m\u00e2ntul preuniversitar Pre\u021b curs: 30 euro (159 lei)<\/p>\n","protected":false},"featured_media":7719,"template":"","meta":[],"product_brand":[],"product_cat":[342,375],"product_tag":[],"class_list":{"0":"post-9222","1":"product","2":"type-product","3":"status-publish","4":"has-post-thumbnail","6":"product_cat-inscriere","7":"product_cat-curs-prof","9":"first","10":"instock","11":"virtual","12":"sold-individually","13":"purchasable","14":"product-type-simple"},"_links":{"self":[{"href":"https:\/\/educatiedeschisa.com\/ro\/wp-json\/wp\/v2\/product\/9222","targetHints":{"allow":["GET"]}}],"collection":[{"href":"https:\/\/educatiedeschisa.com\/ro\/wp-json\/wp\/v2\/product"}],"about":[{"href":"https:\/\/educatiedeschisa.com\/ro\/wp-json\/wp\/v2\/types\/product"}],"wp:featuredmedia":[{"embeddable":true,"href":"https:\/\/educatiedeschisa.com\/ro\/wp-json\/wp\/v2\/media\/7719"}],"wp:attachment":[{"href":"https:\/\/educatiedeschisa.com\/ro\/wp-json\/wp\/v2\/media?parent=9222"}],"wp:term":[{"taxonomy":"product_brand","embeddable":true,"href":"https:\/\/educatiedeschisa.com\/ro\/wp-json\/wp\/v2\/product_brand?post=9222"},{"taxonomy":"product_cat","embeddable":true,"href":"https:\/\/educatiedeschisa.com\/ro\/wp-json\/wp\/v2\/product_cat?post=9222"},{"taxonomy":"product_tag","embeddable":true,"href":"https:\/\/educatiedeschisa.com\/ro\/wp-json\/wp\/v2\/product_tag?post=9222"}],"curies":[{"name":"wp","href":"https:\/\/api.w.org\/{rel}","templated":true}]}}