
{"id":8995,"date":"2025-10-24T18:23:25","date_gmt":"2025-10-24T18:23:25","guid":{"rendered":"https:\/\/educatiedeschisa.com\/?post_type=product&#038;p=8995"},"modified":"2026-02-28T09:28:56","modified_gmt":"2026-02-28T09:28:56","slug":"ebook-de-creatii-literare-si-artistice-culori-de-toamna","status":"publish","type":"product","link":"https:\/\/educatiedeschisa.com\/ro\/produs\/ebook-de-creatii-literare-si-artistice-culori-de-toamna\/","title":{"rendered":"eBook Magia iernii"},"content":{"rendered":"<div class=\"vc_row wpb_row vc_row-fluid text-continut wd-rs-67c1ca64d92d4\">\n<div class=\"wpb_column vc_column_container vc_col-sm-12\">\n<div class=\"vc_column-inner\">\n<div class=\"wpb_wrapper\">\n<div class=\"wpb_text_column wpb_content_element\">\n<div class=\"wpb_wrapper\"><strong>Ebook de crea\u021bii literare \u0219i artistice Culori de toamn\u0103<\/strong><\/div>\n<div class=\"wpb_wrapper\">\n<p data-start=\"71\" data-end=\"232\" data-is-last-node=\"\" data-is-only-node=\"\"><strong data-start=\"71\" data-end=\"102\">Termen limit\u0103 de \u00eenscriere:<\/strong> 30.11.2025<br data-start=\"113\" data-end=\"116\" \/><strong data-start=\"116\" data-end=\"143\" data-is-only-node=\"\">Termen publicare eBook:<\/strong> 10.12.2025<br data-start=\"154\" data-end=\"157\" \/><strong data-start=\"157\" data-end=\"196\">Termen trimitere mapa profesorului:<\/strong> 30.12.2025<br data-start=\"207\" data-end=\"210\" \/><strong data-start=\"210\" data-end=\"223\">Tematic\u0103:<\/strong> <em data-start=\"224\" data-end=\"232\" data-is-last-node=\"\">Toamna<\/em><\/p>\n<\/div>\n<\/div>\n<\/div>\n<\/div>\n<\/div>\n<\/div>\n","protected":false},"excerpt":{"rendered":"<p>Ebook de crea\u021bii literare \u0219i artistice Culori de toamn\u0103 Termen limit\u0103 de \u00eenscriere: 30.11.2025Termen publicare eBook: 10.12.2025Termen trimitere mapa profesorului: 30.12.2025Tematic\u0103: Toamna<\/p>\n","protected":false},"featured_media":10432,"template":"","meta":[],"product_brand":[],"product_cat":[342],"product_tag":[],"class_list":{"0":"post-8995","1":"product","2":"type-product","3":"status-publish","4":"has-post-thumbnail","6":"product_cat-inscriere","8":"first","9":"instock","10":"virtual","11":"sold-individually","12":"purchasable","13":"product-type-simple"},"_links":{"self":[{"href":"https:\/\/educatiedeschisa.com\/ro\/wp-json\/wp\/v2\/product\/8995","targetHints":{"allow":["GET"]}}],"collection":[{"href":"https:\/\/educatiedeschisa.com\/ro\/wp-json\/wp\/v2\/product"}],"about":[{"href":"https:\/\/educatiedeschisa.com\/ro\/wp-json\/wp\/v2\/types\/product"}],"wp:featuredmedia":[{"embeddable":true,"href":"https:\/\/educatiedeschisa.com\/ro\/wp-json\/wp\/v2\/media\/10432"}],"wp:attachment":[{"href":"https:\/\/educatiedeschisa.com\/ro\/wp-json\/wp\/v2\/media?parent=8995"}],"wp:term":[{"taxonomy":"product_brand","embeddable":true,"href":"https:\/\/educatiedeschisa.com\/ro\/wp-json\/wp\/v2\/product_brand?post=8995"},{"taxonomy":"product_cat","embeddable":true,"href":"https:\/\/educatiedeschisa.com\/ro\/wp-json\/wp\/v2\/product_cat?post=8995"},{"taxonomy":"product_tag","embeddable":true,"href":"https:\/\/educatiedeschisa.com\/ro\/wp-json\/wp\/v2\/product_tag?post=8995"}],"curies":[{"name":"wp","href":"https:\/\/api.w.org\/{rel}","templated":true}]}}