
{"id":8869,"date":"2025-10-17T18:34:40","date_gmt":"2025-10-17T18:34:40","guid":{"rendered":"https:\/\/educatiedeschisa.com\/product\/miembro-acreditado-de-la-comunidad-educacion-abierta\/"},"modified":"2026-02-17T09:37:15","modified_gmt":"2026-02-17T09:37:15","slug":"membru-acreditat-al-comunitatii-educatie-deschisa","status":"publish","type":"product","link":"https:\/\/educatiedeschisa.com\/ro\/produs\/membru-acreditat-al-comunitatii-educatie-deschisa\/","title":{"rendered":"Membru Acreditat al Comunit\u0103\u021bii Educa\u021bie Deschis\u0103"},"content":{"rendered":"<p><span data-start=\"131\" data-end=\"189\"><strong data-start=\"134\" data-end=\"187\">MEMBRU ACREDITAT AL COMUNIT\u0102\u021aII EDUCA\u021aIE DESCHIS\u0102<\/strong><\/span><\/p>\n<p data-start=\"190\" data-end=\"213\"><strong data-start=\"190\" data-end=\"213\">An \u0219colar 2025\u20132026<\/strong><\/p>\n<p data-start=\"190\" data-end=\"213\">Pentru pl\u0103\u021bile efectuate din Rom\u00e2nia, suma se achit\u0103 \u00een <strong data-start=\"2285\" data-end=\"2309\">lei, la cursul zilei<\/strong>, echivalentul a 60 EUR.<\/p>\n<hr data-start=\"215\" data-end=\"218\" \/>\n<p><span data-start=\"220\" data-end=\"263\"><strong data-start=\"224\" data-end=\"263\">Ce \u00eenseamn\u0103 s\u0103 fii membru acreditat<\/strong><\/span><\/p>\n<p data-start=\"265\" data-end=\"538\">Statutul de <strong data-start=\"277\" data-end=\"330\">Membru Acreditat al Comunit\u0103\u021bii Educa\u021bie Deschis\u0103<\/strong> \u00ee\u021bi ofer\u0103 recunoa\u0219tere profesional\u0103 la nivel na\u021bional \u0219i interna\u021bional, acces la reduceri exclusive \u0219i la o serie de documente oficiale care certific\u0103 implicarea ta \u00een activit\u0103\u021bi educa\u021bionale interna\u021bionale.<\/p>\n<hr data-start=\"540\" data-end=\"543\" \/>\n<p><span data-start=\"545\" data-end=\"565\"><strong data-start=\"549\" data-end=\"565\">Ce prime\u0219ti:<\/strong><\/span><\/p>\n<p>\u2714 <strong data-start=\"954\" data-end=\"1000\">20 de documente bilingve (rom\u00e2n\u0103\u2013spaniol\u0103)<\/strong> eliberate la finalul lunii <strong data-start=\"1017\" data-end=\"1031\">iunie 2026<\/strong><\/p>\n<p data-start=\"567\" data-end=\"730\">\u2714 <strong data-start=\"569\" data-end=\"604\">Participare gratuit\u0103 la 3 etape<\/strong>, la alegere, din cadrul <strong data-start=\"629\" data-end=\"688\">Proiectului Educa\u021bional Interna\u021bional Educa\u021bie Deschis\u0103<\/strong> (din cele 6 etape ale anului 2025\u20132026)<\/p>\n<p data-start=\"732\" data-end=\"950\">\u2714 <strong data-start=\"734\" data-end=\"753\">Reducere de 50%<\/strong> la toate celelalte activit\u0103\u021bi educa\u021bionale ale anului \u0219colar 2025\u20132026:<br data-start=\"825\" data-end=\"828\" \/>\u2013 Etapele r\u0103mase ale proiectului<br data-start=\"860\" data-end=\"863\" \/>\u2013 eBook-urile tematice \u0219i ghidurile practice<br data-start=\"907\" data-end=\"910\" \/>\u2013Cursurile offline pentru profesori<\/p>\n<p data-start=\"1035\" data-end=\"1284\">\u2714 <strong data-start=\"1037\" data-end=\"1051\">Prioritate<\/strong> la participarea la \u00eent\u00e2lnirile lunare ale comunit\u0103\u021bii Educa\u021bie Deschis\u0103, organizate pe teme educa\u021bionale de actualitate<br data-start=\"1171\" data-end=\"1174\" \/>(participarea este limitat\u0103 la 100 de profesori, iar cererea dep\u0103\u0219e\u0219te constant num\u0103rul locurilor disponibile)<\/p>\n<div style=\"margin-top: 20px;\"><a class=\"custom-button btn-download\" href=\"https:\/\/drive.google.com\/file\/d\/1Aw-a_roigBA96OsB98lyT-pBhdw7YSFD\/view?usp=sharing\" target=\"_blank\" rel=\"noopener\">Descarc\u0103 Regulament si mapa cu cele 20 de documente bilingve<\/a><\/div>\n<hr data-start=\"1286\" data-end=\"1289\" \/>\n<p><span data-start=\"1291\" data-end=\"1322\"><strong data-start=\"1295\" data-end=\"1322\">Beneficii suplimentare:<\/strong><\/span><\/p>\n<ul data-start=\"1324\" data-end=\"1839\">\n<li data-start=\"1324\" data-end=\"1451\">\n<p data-start=\"1326\" data-end=\"1451\">Participarea la un <strong data-start=\"1345\" data-end=\"1372\">schimb de bune practici<\/strong> \u00eentre profesori din Rom\u00e2nia, Republica Moldova, Spania \u0219i alte \u021b\u0103ri europene<\/p>\n<\/li>\n<li data-start=\"1452\" data-end=\"1514\">\n<p data-start=\"1454\" data-end=\"1514\"><strong data-start=\"1454\" data-end=\"1470\">Vizibilitate<\/strong> pentru activitatea ta \u0219i pentru \u0219coala ta<\/p>\n<\/li>\n<li data-start=\"1515\" data-end=\"1621\">\n<p data-start=\"1517\" data-end=\"1621\"><strong data-start=\"1517\" data-end=\"1531\">Promovarea<\/strong> pe pagina oficial\u0103 Educa\u021bie Deschis\u0103 \u0219i \u00een publica\u021biile noastre a propriilor activit\u0103\u021bi<\/p>\n<\/li>\n<li data-start=\"1622\" data-end=\"1722\">\n<p data-start=\"1624\" data-end=\"1722\">Posibilitatea de a <strong data-start=\"1643\" data-end=\"1720\">contribui la elaborarea de ghiduri \u0219i resurse educa\u021bionale deschise (RED)<\/strong><\/p>\n<\/li>\n<li data-start=\"1723\" data-end=\"1839\">\n<p data-start=\"1725\" data-end=\"1839\"><strong data-start=\"1725\" data-end=\"1740\">Apartenen\u021b\u0103<\/strong> la o comunitate activ\u0103 de profesori din Rom\u00e2nia, Republica Moldova, Spania \u0219i alte \u021b\u0103ri europene<\/p>\n<\/li>\n<\/ul>\n<h6 data-start=\"1337\" data-end=\"1379\"><strong>Cum func\u021bioneaz\u0103 reducerile (IMPORTANT)<\/strong><\/h6>\n<p data-start=\"1381\" data-end=\"1459\">Dup\u0103 achizi\u021bionarea statutului de Membru Acreditat, vei primi pe mail:<\/p>\n<p data-start=\"1461\" data-end=\"1570\">\u2013 <strong>un cod de reducere de 100% pentru 3 evenimente<\/strong> (doar pentru 3 etape ale proiectului Educa\u021bie Deschis\u0103)<br data-start=\"1509\" data-end=\"1512\" \/>\u2013 <strong>un cod de reducere de 50% pentru maximum 10 evenimente<\/strong> ( restul etapelor proiectului Educa\u021bie Deschis\u0103, eBook, Ghid practic sau cursuri pentru profesori)<\/p>\n<h6 data-start=\"1572\" data-end=\"1608\"><strong>Regul\u0103 obligatorie de utilizare:<\/strong><\/h6>\n<p data-start=\"1610\" data-end=\"1730\">Codurile de reducere se aplic\u0103 <strong data-start=\"1641\" data-end=\"1692\">doar atunci c\u00e2nd \u00een co\u0219 exist\u0103 un singur produs<\/strong> (o singur\u0103 etap\u0103 sau un singur curs).<\/p>\n<p data-start=\"1732\" data-end=\"1878\">Fiecare eveniment trebuie achizi\u021bionat separat.<\/p>\n<p data-start=\"1732\" data-end=\"1878\"><strong>Ad\u0103ugarea mai multor produse \u00een co\u0219 \u0219i aplicarea unui cod asupra \u00eentregului co\u0219 nu este permis\u0103. <\/strong>Comenzile efectuate cu utilizarea incorect\u0103 a cupoanelor (punerea \u00een co\u0219 a mai multor produse \u0219i aplicarea unui cod de reducere pentru tot co\u0219ul) pot fi anulate.<\/p>\n<hr data-start=\"2143\" data-end=\"2146\" \/>\n<h6 data-start=\"2148\" data-end=\"2165\"><strong>Tax\u0103 de membru<\/strong><\/h6>\n<p data-start=\"2167\" data-end=\"2227\">Taxa pentru statutul de Membru Acreditat este de <strong data-start=\"2216\" data-end=\"2226\">60 EUR<\/strong>.<\/p>\n<p data-start=\"2229\" data-end=\"2333\">Pentru pl\u0103\u021bile efectuate din Rom\u00e2nia, suma se achit\u0103 \u00een <strong data-start=\"2285\" data-end=\"2309\">lei, la cursul zilei<\/strong>, echivalentul a 60 EUR.<\/p>\n<p data-start=\"2335\" data-end=\"2473\">Centro de Educaci\u00f3n Abierta are reziden\u021b\u0103 fiscal\u0103 \u00een Spania, motiv pentru care pl\u0103\u021bile se proceseaz\u0103 conform legisla\u021biei fiscale spaniole.<\/p>\n<div style=\"margin-top: 20px;\"><\/div>\n","protected":false},"excerpt":{"rendered":"<p>a<\/p>\n","protected":false},"featured_media":8845,"template":"","meta":[],"product_brand":[],"product_cat":[],"product_tag":[],"class_list":{"0":"post-8869","1":"product","2":"type-product","3":"status-publish","4":"has-post-thumbnail","7":"first","8":"instock","9":"virtual","10":"purchasable","11":"product-type-simple"},"_links":{"self":[{"href":"https:\/\/educatiedeschisa.com\/ro\/wp-json\/wp\/v2\/product\/8869","targetHints":{"allow":["GET"]}}],"collection":[{"href":"https:\/\/educatiedeschisa.com\/ro\/wp-json\/wp\/v2\/product"}],"about":[{"href":"https:\/\/educatiedeschisa.com\/ro\/wp-json\/wp\/v2\/types\/product"}],"wp:featuredmedia":[{"embeddable":true,"href":"https:\/\/educatiedeschisa.com\/ro\/wp-json\/wp\/v2\/media\/8845"}],"wp:attachment":[{"href":"https:\/\/educatiedeschisa.com\/ro\/wp-json\/wp\/v2\/media?parent=8869"}],"wp:term":[{"taxonomy":"product_brand","embeddable":true,"href":"https:\/\/educatiedeschisa.com\/ro\/wp-json\/wp\/v2\/product_brand?post=8869"},{"taxonomy":"product_cat","embeddable":true,"href":"https:\/\/educatiedeschisa.com\/ro\/wp-json\/wp\/v2\/product_cat?post=8869"},{"taxonomy":"product_tag","embeddable":true,"href":"https:\/\/educatiedeschisa.com\/ro\/wp-json\/wp\/v2\/product_tag?post=8869"}],"curies":[{"name":"wp","href":"https:\/\/api.w.org\/{rel}","templated":true}]}}