
{"id":8801,"date":"2025-10-12T20:38:32","date_gmt":"2025-10-12T20:38:32","guid":{"rendered":"https:\/\/educatiedeschisa.com\/?post_type=product&#038;p=8801"},"modified":"2026-02-19T05:08:06","modified_gmt":"2026-02-19T05:08:06","slug":"etapa-6-simpozionul-international-educatie-deschisa-rolul-profesorului-in-era-digitala-adaptarea-stilurilor-de-predare","status":"publish","type":"product","link":"https:\/\/educatiedeschisa.com\/ro\/produs\/etapa-6-simpozionul-international-educatie-deschisa-rolul-profesorului-in-era-digitala-adaptarea-stilurilor-de-predare\/","title":{"rendered":"Etapa 6 \u2013 Simpozionul Interna\u021bional Educa\u021bie Deschis\u0103 Rolul Profesorului \u00cen Era Digital\u0103: Adaptarea Stilurilor De Predare"},"content":{"rendered":"<div class=\"vc_row wpb_row vc_row-fluid text-continut wd-rs-67c1ca64d92d4\">\n<div class=\"wpb_column vc_column_container vc_col-sm-12\">\n<div class=\"vc_column-inner\">\n<div class=\"wpb_wrapper\">\n<div class=\"wpb_text_column wpb_content_element\">\n<div class=\"wpb_wrapper\">\n<h2><b>Etapa 6 &#8211; Simpozionul Interna\u021bional Educa\u021bie Deschis\u0103 Rolul Profesorului \u00cen Era Digital\u0103: Adaptarea Stilurilor De Predare<\/b><\/h2>\n<p><b>Perioad\u0103 de desf\u0103\u0219urare:<\/b> iulie-august 2026<\/p>\n<p><b>Publicare \u00een revist\u0103:<\/b> Num\u0103rul 4 \/ 2026 \u2013 \u201eEduca\u021bie Deschis\u0103\u201d (ISSN 3008-3516)<\/p>\n<p><b>Termen limit\u0103 \u00eenscriere:<\/b> 30 august 2026<\/p>\n<p><b>Tax\u0103 de participare:<\/b><\/p>\n<ul>\n<li aria-level=\"1\">Direct\u0103 (cu trimitere de material) &#8211; 20 euro (105 lei)<\/li>\n<\/ul>\n<\/div>\n<\/div>\n<\/div>\n<\/div>\n<\/div>\n<\/div>\n","protected":false},"excerpt":{"rendered":"<p>Etapa 6 &#8211; Simpozionul Interna\u021bional Educa\u021bie Deschis\u0103 Rolul Profesorului \u00cen Era Digital\u0103: Adaptarea Stilurilor De Predare Perioad\u0103 de desf\u0103\u0219urare: iulie-august 2026 Publicare \u00een revist\u0103: Num\u0103rul 4 \/ 2026 \u2013 \u201eEduca\u021bie Deschis\u0103\u201d (ISSN 3008-3516) Termen limit\u0103 \u00eenscriere: 30 august 2026 Tax\u0103 de participare: Direct\u0103 (cu trimitere de material) &#8211; 20 euro (105 lei)<\/p>\n","protected":false},"featured_media":9200,"template":"","meta":[],"product_brand":[],"product_cat":[342],"product_tag":[],"class_list":{"0":"post-8801","1":"product","2":"type-product","3":"status-publish","4":"has-post-thumbnail","6":"product_cat-inscriere","8":"first","9":"instock","10":"virtual","11":"sold-individually","12":"purchasable","13":"product-type-simple"},"_links":{"self":[{"href":"https:\/\/educatiedeschisa.com\/ro\/wp-json\/wp\/v2\/product\/8801","targetHints":{"allow":["GET"]}}],"collection":[{"href":"https:\/\/educatiedeschisa.com\/ro\/wp-json\/wp\/v2\/product"}],"about":[{"href":"https:\/\/educatiedeschisa.com\/ro\/wp-json\/wp\/v2\/types\/product"}],"wp:featuredmedia":[{"embeddable":true,"href":"https:\/\/educatiedeschisa.com\/ro\/wp-json\/wp\/v2\/media\/9200"}],"wp:attachment":[{"href":"https:\/\/educatiedeschisa.com\/ro\/wp-json\/wp\/v2\/media?parent=8801"}],"wp:term":[{"taxonomy":"product_brand","embeddable":true,"href":"https:\/\/educatiedeschisa.com\/ro\/wp-json\/wp\/v2\/product_brand?post=8801"},{"taxonomy":"product_cat","embeddable":true,"href":"https:\/\/educatiedeschisa.com\/ro\/wp-json\/wp\/v2\/product_cat?post=8801"},{"taxonomy":"product_tag","embeddable":true,"href":"https:\/\/educatiedeschisa.com\/ro\/wp-json\/wp\/v2\/product_tag?post=8801"}],"curies":[{"name":"wp","href":"https:\/\/api.w.org\/{rel}","templated":true}]}}