
{"id":8319,"date":"2025-09-03T21:14:43","date_gmt":"2025-09-03T21:14:43","guid":{"rendered":"https:\/\/educatiedeschisa.com\/?post_type=product&#038;p=8319"},"modified":"2026-02-11T08:48:12","modified_gmt":"2026-02-11T08:48:12","slug":"curs-de-limba-romana-clasele-v-viii","status":"publish","type":"product","link":"https:\/\/educatiedeschisa.com\/ro\/produs\/curs-de-limba-romana-clasele-v-viii\/","title":{"rendered":"Curs de Limba Rom\u00e2n\u0103 Clasele V \u2013 VIII"},"content":{"rendered":"<p>Cursul de <b>Limba Rom\u00e2n\u0103<\/b> organizat de <b>Centro de Educaci\u00f3n Abierta<\/b> este g\u00e2ndit pentru a r\u0103spunde at\u00e2t nevoilor copiilor care au lacune \u0219i necesit\u0103 sprijin suplimentar,i celor care \u00ee\u0219i doresc s\u0103 performeze, dar \u0219i copiilor rom\u00e2ni din Diaspora<\/p>\n<p>Clasele <b>V \u2013 VIII:<\/b> 30 \u20ac \/ \u0219edin\u021b\u0103 (155 lei)<\/p>\n","protected":false},"excerpt":{"rendered":"<p>Cursul de <b>Limba Rom\u00e2n\u0103<\/b> organizat de <b>Centro de Educaci\u00f3n Abierta<\/b> este g\u00e2ndit pentru a r\u0103spunde at\u00e2t nevoilor copiilor care au lacune \u0219i necesit\u0103 sprijin suplimentar,i celor care \u00ee\u0219i doresc s\u0103 performeze, dar \u0219i copiilor rom\u00e2ni din Diaspora<\/p>\n<p>Clasele <b>V \u2013 VIII:<\/b> 30 \u20ac \/ \u0219edin\u021b\u0103 (155 lei)<\/p>\n","protected":false},"featured_media":8159,"template":"","meta":[],"product_brand":[],"product_cat":[361],"product_tag":[],"class_list":{"0":"post-8319","1":"product","2":"type-product","3":"status-publish","4":"has-post-thumbnail","6":"product_cat-curs","8":"first","9":"instock","10":"virtual","11":"sold-individually","12":"purchasable","13":"product-type-simple"},"_links":{"self":[{"href":"https:\/\/educatiedeschisa.com\/ro\/wp-json\/wp\/v2\/product\/8319","targetHints":{"allow":["GET"]}}],"collection":[{"href":"https:\/\/educatiedeschisa.com\/ro\/wp-json\/wp\/v2\/product"}],"about":[{"href":"https:\/\/educatiedeschisa.com\/ro\/wp-json\/wp\/v2\/types\/product"}],"wp:featuredmedia":[{"embeddable":true,"href":"https:\/\/educatiedeschisa.com\/ro\/wp-json\/wp\/v2\/media\/8159"}],"wp:attachment":[{"href":"https:\/\/educatiedeschisa.com\/ro\/wp-json\/wp\/v2\/media?parent=8319"}],"wp:term":[{"taxonomy":"product_brand","embeddable":true,"href":"https:\/\/educatiedeschisa.com\/ro\/wp-json\/wp\/v2\/product_brand?post=8319"},{"taxonomy":"product_cat","embeddable":true,"href":"https:\/\/educatiedeschisa.com\/ro\/wp-json\/wp\/v2\/product_cat?post=8319"},{"taxonomy":"product_tag","embeddable":true,"href":"https:\/\/educatiedeschisa.com\/ro\/wp-json\/wp\/v2\/product_tag?post=8319"}],"curies":[{"name":"wp","href":"https:\/\/api.w.org\/{rel}","templated":true}]}}