
{"id":8318,"date":"2025-09-03T21:11:39","date_gmt":"2025-09-03T21:11:39","guid":{"rendered":"https:\/\/educatiedeschisa.com\/?post_type=product&#038;p=8318"},"modified":"2026-02-11T08:48:00","modified_gmt":"2026-02-11T08:48:00","slug":"curs-de-matematica-clasele-v-viii","status":"publish","type":"product","link":"https:\/\/educatiedeschisa.com\/ro\/produs\/curs-de-matematica-clasele-v-viii\/","title":{"rendered":"Curs de Matematic\u0103 Clasele V \u2013 VIII"},"content":{"rendered":"<p>Cursul de Matematic\u0103 organizat de Centro de Educaci\u00f3n Abierta este creat pentru a ajuta fiecare copil s\u0103 \u00ee\u0219i dep\u0103\u0219easc\u0103 dificult\u0103\u021bile sau s\u0103 ating\u0103 excelen\u021ba \u00een studiul matematicii. Ne adapt\u0103m fiec\u0103rui elev, oferind at\u00e2t sprijin pentru recuperarea materiei, c\u00e2t \u0219i provoc\u0103ri pentru performan\u021b\u0103.<\/p>\n<p>Clasele V \u2013 VIII: 30 \u20ac \/ \u0219edin\u021b\u0103 (155 lei)<\/p>\n","protected":false},"excerpt":{"rendered":"<p>Cursul de Matematic\u0103 organizat de Centro de Educaci\u00f3n Abierta este creat pentru a ajuta fiecare copil s\u0103 \u00ee\u0219i dep\u0103\u0219easc\u0103 dificult\u0103\u021bile sau s\u0103 ating\u0103 excelen\u021ba \u00een studiul matematicii. Ne adapt\u0103m fiec\u0103rui elev, oferind at\u00e2t sprijin pentru recuperarea materiei, c\u00e2t \u0219i provoc\u0103ri pentru performan\u021b\u0103.<\/p>\n<p>Clasele V \u2013 VIII: 30 \u20ac \/ \u0219edin\u021b\u0103 (155 lei)<\/p>\n","protected":false},"featured_media":7633,"template":"","meta":[],"product_brand":[],"product_cat":[361],"product_tag":[],"class_list":{"0":"post-8318","1":"product","2":"type-product","3":"status-publish","4":"has-post-thumbnail","6":"product_cat-curs","8":"first","9":"instock","10":"virtual","11":"sold-individually","12":"purchasable","13":"product-type-simple"},"_links":{"self":[{"href":"https:\/\/educatiedeschisa.com\/ro\/wp-json\/wp\/v2\/product\/8318","targetHints":{"allow":["GET"]}}],"collection":[{"href":"https:\/\/educatiedeschisa.com\/ro\/wp-json\/wp\/v2\/product"}],"about":[{"href":"https:\/\/educatiedeschisa.com\/ro\/wp-json\/wp\/v2\/types\/product"}],"wp:featuredmedia":[{"embeddable":true,"href":"https:\/\/educatiedeschisa.com\/ro\/wp-json\/wp\/v2\/media\/7633"}],"wp:attachment":[{"href":"https:\/\/educatiedeschisa.com\/ro\/wp-json\/wp\/v2\/media?parent=8318"}],"wp:term":[{"taxonomy":"product_brand","embeddable":true,"href":"https:\/\/educatiedeschisa.com\/ro\/wp-json\/wp\/v2\/product_brand?post=8318"},{"taxonomy":"product_cat","embeddable":true,"href":"https:\/\/educatiedeschisa.com\/ro\/wp-json\/wp\/v2\/product_cat?post=8318"},{"taxonomy":"product_tag","embeddable":true,"href":"https:\/\/educatiedeschisa.com\/ro\/wp-json\/wp\/v2\/product_tag?post=8318"}],"curies":[{"name":"wp","href":"https:\/\/api.w.org\/{rel}","templated":true}]}}