
{"id":8314,"date":"2025-09-03T20:54:53","date_gmt":"2025-09-03T20:54:53","guid":{"rendered":"https:\/\/educatiedeschisa.com\/?post_type=product&#038;p=8314"},"modified":"2026-02-11T08:44:58","modified_gmt":"2026-02-11T08:44:58","slug":"curs-de-limba-engleza-starter","status":"publish","type":"product","link":"https:\/\/educatiedeschisa.com\/ro\/produs\/curs-de-limba-engleza-starter\/","title":{"rendered":"Curs de Limba Englez\u0103 \u2013 Starter"},"content":{"rendered":"<p>Cursul de <b>Limba Englez\u0103<\/b> organizat de <b>Centro de Educaci\u00f3n Abierta<\/b> este conceput pentru a introduce copiii \u00een universul limbii engleze \u00eentr-un mod natural, interactiv \u0219i plin de \u00eencredere. Ne ax\u0103m pe dezvoltarea vocabularului de baz\u0103, a pronun\u021biei corecte \u0219i a abilit\u0103\u021bilor de comunicare esen\u021biale pentru v\u00e2rsta pre\u0219colar\u0103 \u0219i \u0219colar\u0103 mic\u0103 (clase primare).<\/p>\n<p>5-11 ani<b>:<\/b> 20 \u20ac \/ \u0219edin\u021b\u0103 (105 lei)<\/p>\n","protected":false},"excerpt":{"rendered":"<p>Cursul de <b>Limba Englez\u0103<\/b> organizat de <b>Centro de Educaci\u00f3n Abierta<\/b> este conceput pentru a introduce copiii \u00een universul limbii engleze \u00eentr-un mod natural, interactiv \u0219i plin de \u00eencredere. Ne ax\u0103m pe dezvoltarea vocabularului de baz\u0103, a pronun\u021biei corecte \u0219i a abilit\u0103\u021bilor de comunicare esen\u021biale pentru v\u00e2rsta pre\u0219colar\u0103 \u0219i \u0219colar\u0103 mic\u0103 (clase primare).<\/p>\n<p>5-11 ani<b>:<\/b> 20 \u20ac \/ \u0219edin\u021b\u0103 (105 lei)<\/p>\n","protected":false},"featured_media":8161,"template":"","meta":[],"product_brand":[],"product_cat":[361],"product_tag":[],"class_list":{"0":"post-8314","1":"product","2":"type-product","3":"status-publish","4":"has-post-thumbnail","6":"product_cat-curs","8":"first","9":"instock","10":"virtual","11":"sold-individually","12":"purchasable","13":"product-type-simple"},"_links":{"self":[{"href":"https:\/\/educatiedeschisa.com\/ro\/wp-json\/wp\/v2\/product\/8314","targetHints":{"allow":["GET"]}}],"collection":[{"href":"https:\/\/educatiedeschisa.com\/ro\/wp-json\/wp\/v2\/product"}],"about":[{"href":"https:\/\/educatiedeschisa.com\/ro\/wp-json\/wp\/v2\/types\/product"}],"wp:featuredmedia":[{"embeddable":true,"href":"https:\/\/educatiedeschisa.com\/ro\/wp-json\/wp\/v2\/media\/8161"}],"wp:attachment":[{"href":"https:\/\/educatiedeschisa.com\/ro\/wp-json\/wp\/v2\/media?parent=8314"}],"wp:term":[{"taxonomy":"product_brand","embeddable":true,"href":"https:\/\/educatiedeschisa.com\/ro\/wp-json\/wp\/v2\/product_brand?post=8314"},{"taxonomy":"product_cat","embeddable":true,"href":"https:\/\/educatiedeschisa.com\/ro\/wp-json\/wp\/v2\/product_cat?post=8314"},{"taxonomy":"product_tag","embeddable":true,"href":"https:\/\/educatiedeschisa.com\/ro\/wp-json\/wp\/v2\/product_tag?post=8314"}],"curies":[{"name":"wp","href":"https:\/\/api.w.org\/{rel}","templated":true}]}}