
{"id":8313,"date":"2025-09-03T20:48:55","date_gmt":"2025-09-03T20:48:55","guid":{"rendered":"https:\/\/educatiedeschisa.com\/?post_type=product&#038;p=8313"},"modified":"2026-02-11T08:46:49","modified_gmt":"2026-02-11T08:46:49","slug":"curs-de-limba-spaniola-nivel-incepator","status":"publish","type":"product","link":"https:\/\/educatiedeschisa.com\/ro\/produs\/curs-de-limba-spaniola-nivel-incepator\/","title":{"rendered":"Curs de Limba Spaniol\u0103 \u2013 Nivel \u00cencep\u0103tor"},"content":{"rendered":"<p>Cursul de <b>Limba Spaniol\u0103<\/b> organizat de <b>Centro de Educaci\u00f3n Abierta<\/b> este creat special pentru copiii care fac primii pa\u0219i \u00een \u00eenv\u0103\u021barea limbii spaniole. Ne concentr\u0103m pe dezvoltarea vocabularului de baz\u0103, a pronun\u021biei \u0219i a capacit\u0103\u021bii de comunicare, folosind metode ludice \u0219i interactive.<\/p>\n<p>Clase pre\u0219colare \u0219i primare: <b>20 \u20ac \/ \u0219edin\u021b\u0103 (105 lei)<\/b><\/p>\n","protected":false},"excerpt":{"rendered":"<p>Cursul de <b>Limba Spaniol\u0103<\/b> organizat de <b>Centro de Educaci\u00f3n Abierta<\/b> este creat special pentru copiii care fac primii pa\u0219i \u00een \u00eenv\u0103\u021barea limbii spaniole. Ne concentr\u0103m pe dezvoltarea vocabularului de baz\u0103, a pronun\u021biei \u0219i a capacit\u0103\u021bii de comunicare, folosind metode ludice \u0219i interactive.<\/p>\n<p>Clase pre\u0219colare \u0219i primare: <b>20 \u20ac \/ \u0219edin\u021b\u0103 (105 lei)<\/b><\/p>\n","protected":false},"featured_media":8165,"template":"","meta":[],"product_brand":[],"product_cat":[361],"product_tag":[],"class_list":{"0":"post-8313","1":"product","2":"type-product","3":"status-publish","4":"has-post-thumbnail","6":"product_cat-curs","8":"first","9":"instock","10":"virtual","11":"sold-individually","12":"purchasable","13":"product-type-simple"},"_links":{"self":[{"href":"https:\/\/educatiedeschisa.com\/ro\/wp-json\/wp\/v2\/product\/8313","targetHints":{"allow":["GET"]}}],"collection":[{"href":"https:\/\/educatiedeschisa.com\/ro\/wp-json\/wp\/v2\/product"}],"about":[{"href":"https:\/\/educatiedeschisa.com\/ro\/wp-json\/wp\/v2\/types\/product"}],"wp:featuredmedia":[{"embeddable":true,"href":"https:\/\/educatiedeschisa.com\/ro\/wp-json\/wp\/v2\/media\/8165"}],"wp:attachment":[{"href":"https:\/\/educatiedeschisa.com\/ro\/wp-json\/wp\/v2\/media?parent=8313"}],"wp:term":[{"taxonomy":"product_brand","embeddable":true,"href":"https:\/\/educatiedeschisa.com\/ro\/wp-json\/wp\/v2\/product_brand?post=8313"},{"taxonomy":"product_cat","embeddable":true,"href":"https:\/\/educatiedeschisa.com\/ro\/wp-json\/wp\/v2\/product_cat?post=8313"},{"taxonomy":"product_tag","embeddable":true,"href":"https:\/\/educatiedeschisa.com\/ro\/wp-json\/wp\/v2\/product_tag?post=8313"}],"curies":[{"name":"wp","href":"https:\/\/api.w.org\/{rel}","templated":true}]}}