
{"id":8312,"date":"2025-09-03T20:37:01","date_gmt":"2025-09-03T20:37:01","guid":{"rendered":"https:\/\/educatiedeschisa.com\/?post_type=product&#038;p=8312"},"modified":"2026-02-11T08:46:35","modified_gmt":"2026-02-11T08:46:35","slug":"curs-de-limba-spaniola-nivel-intermediar","status":"publish","type":"product","link":"https:\/\/educatiedeschisa.com\/ro\/produs\/curs-de-limba-spaniola-nivel-intermediar\/","title":{"rendered":"Curs de Limba Spaniol\u0103 \u2013 Nivel Intermediar"},"content":{"rendered":"<p>Cursul de <b>Limba Spaniol\u0103 \u2013 Nivel Intermediar<\/b> organizat de <b>Centro de Educaci\u00f3n Abierta<\/b> este destinat elevilor de gimnaziu care doresc s\u0103 \u00ee\u0219i dezvolte competen\u021bele lingvistice \u0219i s\u0103 ating\u0103 un nivel avansat de comunicare \u00een limba spaniol\u0103.<\/p>\n<p>Clasele <b>V \u2013 VIII:<\/b> <b>30 \u20ac \/ \u0219edin\u021b\u0103 (155 lei)<\/b><\/p>\n","protected":false},"excerpt":{"rendered":"<p>Cursul de <b>Limba Spaniol\u0103 \u2013 Nivel Intermediar<\/b> organizat de <b>Centro de Educaci\u00f3n Abierta<\/b> este destinat elevilor de gimnaziu care doresc s\u0103 \u00ee\u0219i dezvolte competen\u021bele lingvistice \u0219i s\u0103 ating\u0103 un nivel avansat de comunicare \u00een limba spaniol\u0103.<\/p>\n<p>Clasele <b>V \u2013 VIII:<\/b> <b>30 \u20ac \/ \u0219edin\u021b\u0103 (155 lei)<\/b><\/p>\n","protected":false},"featured_media":8165,"template":"","meta":[],"product_brand":[],"product_cat":[361],"product_tag":[],"class_list":{"0":"post-8312","1":"product","2":"type-product","3":"status-publish","4":"has-post-thumbnail","6":"product_cat-curs","8":"first","9":"instock","10":"virtual","11":"sold-individually","12":"purchasable","13":"product-type-simple"},"_links":{"self":[{"href":"https:\/\/educatiedeschisa.com\/ro\/wp-json\/wp\/v2\/product\/8312","targetHints":{"allow":["GET"]}}],"collection":[{"href":"https:\/\/educatiedeschisa.com\/ro\/wp-json\/wp\/v2\/product"}],"about":[{"href":"https:\/\/educatiedeschisa.com\/ro\/wp-json\/wp\/v2\/types\/product"}],"wp:featuredmedia":[{"embeddable":true,"href":"https:\/\/educatiedeschisa.com\/ro\/wp-json\/wp\/v2\/media\/8165"}],"wp:attachment":[{"href":"https:\/\/educatiedeschisa.com\/ro\/wp-json\/wp\/v2\/media?parent=8312"}],"wp:term":[{"taxonomy":"product_brand","embeddable":true,"href":"https:\/\/educatiedeschisa.com\/ro\/wp-json\/wp\/v2\/product_brand?post=8312"},{"taxonomy":"product_cat","embeddable":true,"href":"https:\/\/educatiedeschisa.com\/ro\/wp-json\/wp\/v2\/product_cat?post=8312"},{"taxonomy":"product_tag","embeddable":true,"href":"https:\/\/educatiedeschisa.com\/ro\/wp-json\/wp\/v2\/product_tag?post=8312"}],"curies":[{"name":"wp","href":"https:\/\/api.w.org\/{rel}","templated":true}]}}