
{"id":8311,"date":"2025-09-03T20:21:36","date_gmt":"2025-09-03T20:21:36","guid":{"rendered":"https:\/\/educatiedeschisa.com\/?post_type=product&#038;p=8311"},"modified":"2026-02-11T08:46:06","modified_gmt":"2026-02-11T08:46:06","slug":"curs-de-dezvoltare-a-inteligentei-emotionale-pentru-copii","status":"publish","type":"product","link":"https:\/\/educatiedeschisa.com\/ro\/produs\/curs-de-dezvoltare-a-inteligentei-emotionale-pentru-copii\/","title":{"rendered":"Curs de Dezvoltare a Inteligen\u021bei Emo\u021bionale pentru Copii"},"content":{"rendered":"<p>La <b>Centro de Educaci\u00f3n Abierta<\/b>, credem c\u0103 dezvoltarea armonioas\u0103 a copilului include nu doar cuno\u0219tin\u021be academice, ci \u0219i \u00een\u021belegerea \u0219i gestionarea emo\u021biilor. Cursul nostru de <b>Dezvoltare a Inteligen\u021bei Emo\u021bionale<\/b> \u00eei ajut\u0103 pe copii s\u0103 \u00ee\u0219i dezvolte empatia, s\u0103 comunice mai bine \u0219i s\u0103 \u00ee\u0219i construiasc\u0103 rela\u021bii s\u0103n\u0103toase cu cei din jur.<\/p>\n<p>Copii 7 \u2013 14 ani: <b>20 \u20ac \/ \u0219edin\u021b\u0103 (105 lei)<\/b><\/p>\n","protected":false},"excerpt":{"rendered":"<p>La <b>Centro de Educaci\u00f3n Abierta<\/b>, credem c\u0103 dezvoltarea armonioas\u0103 a copilului include nu doar cuno\u0219tin\u021be academice, ci \u0219i \u00een\u021belegerea \u0219i gestionarea emo\u021biilor. Cursul nostru de <b>Dezvoltare a Inteligen\u021bei Emo\u021bionale<\/b> \u00eei ajut\u0103 pe copii s\u0103 \u00ee\u0219i dezvolte empatia, s\u0103 comunice mai bine \u0219i s\u0103 \u00ee\u0219i construiasc\u0103 rela\u021bii s\u0103n\u0103toase cu cei din jur.<\/p>\n<p>Copii 7 \u2013 14 ani: <b>20 \u20ac \/ \u0219edin\u021b\u0103 (105 lei)<\/b><\/p>\n","protected":false},"featured_media":8167,"template":"","meta":[],"product_brand":[],"product_cat":[361],"product_tag":[],"class_list":{"0":"post-8311","1":"product","2":"type-product","3":"status-publish","4":"has-post-thumbnail","6":"product_cat-curs","8":"first","9":"instock","10":"virtual","11":"sold-individually","12":"purchasable","13":"product-type-simple"},"_links":{"self":[{"href":"https:\/\/educatiedeschisa.com\/ro\/wp-json\/wp\/v2\/product\/8311","targetHints":{"allow":["GET"]}}],"collection":[{"href":"https:\/\/educatiedeschisa.com\/ro\/wp-json\/wp\/v2\/product"}],"about":[{"href":"https:\/\/educatiedeschisa.com\/ro\/wp-json\/wp\/v2\/types\/product"}],"wp:featuredmedia":[{"embeddable":true,"href":"https:\/\/educatiedeschisa.com\/ro\/wp-json\/wp\/v2\/media\/8167"}],"wp:attachment":[{"href":"https:\/\/educatiedeschisa.com\/ro\/wp-json\/wp\/v2\/media?parent=8311"}],"wp:term":[{"taxonomy":"product_brand","embeddable":true,"href":"https:\/\/educatiedeschisa.com\/ro\/wp-json\/wp\/v2\/product_brand?post=8311"},{"taxonomy":"product_cat","embeddable":true,"href":"https:\/\/educatiedeschisa.com\/ro\/wp-json\/wp\/v2\/product_cat?post=8311"},{"taxonomy":"product_tag","embeddable":true,"href":"https:\/\/educatiedeschisa.com\/ro\/wp-json\/wp\/v2\/product_tag?post=8311"}],"curies":[{"name":"wp","href":"https:\/\/api.w.org\/{rel}","templated":true}]}}