
{"id":7675,"date":"2025-07-26T01:44:27","date_gmt":"2025-07-26T01:44:27","guid":{"rendered":"https:\/\/educatiedeschisa.com\/product\/proiectul-educational-national-educatia-viitorului-tehnologie-inovare-si-dezvoltare-durabila-platit\/"},"modified":"2026-03-02T11:53:07","modified_gmt":"2026-03-02T11:53:07","slug":"proiectul-educational-national-educatia-viitorului-tehnologie-inovare-si-dezvoltare-durabila-platit","status":"publish","type":"product","link":"https:\/\/educatiedeschisa.com\/ro\/produs\/proiectul-educational-national-educatia-viitorului-tehnologie-inovare-si-dezvoltare-durabila-platit\/","title":{"rendered":"Etapa 1 \u2013 Culori de Toamn\u0103: Diversitate \u0219i Incluziune"},"content":{"rendered":"<div class=\"vc_row wpb_row vc_row-fluid text-continut wd-rs-67c1ca64d92d4\">\n<div class=\"wpb_column vc_column_container vc_col-sm-12\">\n<div class=\"vc_column-inner\">\n<div class=\"wpb_wrapper\">\n<div class=\"wpb_text_column wpb_content_element\">\n<div class=\"wpb_wrapper\">\n<h2><b>Etapa 1 \u2013 Culori de Toamn\u0103: Diversitate \u0219i Incluziune<\/b><\/h2>\n<p><b>Perioad\u0103 de desf\u0103\u0219urare:<\/b> septembrie\u2013octombrie 2025<br \/>\n<b>Publicare \u00een revist\u0103:<\/b> Num\u0103rul 9 \/ 2025 \u2013 \u201eEduca\u021bie Deschis\u0103\u201d (ISSN 3008-3516)<br \/>\n<b>Termen limit\u0103 \u00eenscriere:<\/b> 30 octombrie 2025<br \/>\n<b>Tax\u0103 de participare:<\/b> 20 euro (105 lei)<\/p>\n<\/div>\n<\/div>\n<\/div>\n<\/div>\n<\/div>\n<\/div>\n","protected":false},"excerpt":{"rendered":"<p>Etapa 1 \u2013 Culori de Toamn\u0103: Diversitate \u0219i Incluziune Perioad\u0103 de desf\u0103\u0219urare: septembrie\u2013octombrie 2025 Publicare \u00een revist\u0103: Num\u0103rul 9 \/ 2025 \u2013 \u201eEduca\u021bie Deschis\u0103\u201d (ISSN 3008-3516) Termen limit\u0103 \u00eenscriere: 30 octombrie 2025 Tax\u0103 de participare: 20 euro (105 lei)<\/p>\n","protected":false},"featured_media":8741,"template":"","meta":[],"product_brand":[],"product_cat":[342],"product_tag":[],"class_list":{"0":"post-7675","1":"product","2":"type-product","3":"status-publish","4":"has-post-thumbnail","6":"product_cat-inscriere","8":"first","9":"instock","10":"virtual","11":"sold-individually","12":"purchasable","13":"product-type-simple"},"_links":{"self":[{"href":"https:\/\/educatiedeschisa.com\/ro\/wp-json\/wp\/v2\/product\/7675","targetHints":{"allow":["GET"]}}],"collection":[{"href":"https:\/\/educatiedeschisa.com\/ro\/wp-json\/wp\/v2\/product"}],"about":[{"href":"https:\/\/educatiedeschisa.com\/ro\/wp-json\/wp\/v2\/types\/product"}],"wp:featuredmedia":[{"embeddable":true,"href":"https:\/\/educatiedeschisa.com\/ro\/wp-json\/wp\/v2\/media\/8741"}],"wp:attachment":[{"href":"https:\/\/educatiedeschisa.com\/ro\/wp-json\/wp\/v2\/media?parent=7675"}],"wp:term":[{"taxonomy":"product_brand","embeddable":true,"href":"https:\/\/educatiedeschisa.com\/ro\/wp-json\/wp\/v2\/product_brand?post=7675"},{"taxonomy":"product_cat","embeddable":true,"href":"https:\/\/educatiedeschisa.com\/ro\/wp-json\/wp\/v2\/product_cat?post=7675"},{"taxonomy":"product_tag","embeddable":true,"href":"https:\/\/educatiedeschisa.com\/ro\/wp-json\/wp\/v2\/product_tag?post=7675"}],"curies":[{"name":"wp","href":"https:\/\/api.w.org\/{rel}","templated":true}]}}