
{"id":13380,"date":"2026-03-03T10:30:36","date_gmt":"2026-03-03T10:30:36","guid":{"rendered":"https:\/\/educatiedeschisa.com\/product\/ebook-zambete-de-primavara\/"},"modified":"2026-03-23T20:13:57","modified_gmt":"2026-03-23T20:13:57","slug":"ebook-zambete-de-primavara","status":"publish","type":"product","link":"https:\/\/educatiedeschisa.com\/ro\/produs\/ebook-zambete-de-primavara\/","title":{"rendered":"eBook Z\u00e2mbete de prim\u0103var\u0103"},"content":{"rendered":"","protected":false},"excerpt":{"rendered":"","protected":false},"featured_media":13378,"template":"","meta":[],"product_brand":[],"product_cat":[342],"product_tag":[],"class_list":{"0":"post-13380","1":"product","2":"type-product","3":"status-publish","4":"has-post-thumbnail","6":"product_cat-inscriere","8":"first","9":"instock","10":"virtual","11":"sold-individually","12":"purchasable","13":"product-type-simple"},"_links":{"self":[{"href":"https:\/\/educatiedeschisa.com\/ro\/wp-json\/wp\/v2\/product\/13380","targetHints":{"allow":["GET"]}}],"collection":[{"href":"https:\/\/educatiedeschisa.com\/ro\/wp-json\/wp\/v2\/product"}],"about":[{"href":"https:\/\/educatiedeschisa.com\/ro\/wp-json\/wp\/v2\/types\/product"}],"wp:featuredmedia":[{"embeddable":true,"href":"https:\/\/educatiedeschisa.com\/ro\/wp-json\/wp\/v2\/media\/13378"}],"wp:attachment":[{"href":"https:\/\/educatiedeschisa.com\/ro\/wp-json\/wp\/v2\/media?parent=13380"}],"wp:term":[{"taxonomy":"product_brand","embeddable":true,"href":"https:\/\/educatiedeschisa.com\/ro\/wp-json\/wp\/v2\/product_brand?post=13380"},{"taxonomy":"product_cat","embeddable":true,"href":"https:\/\/educatiedeschisa.com\/ro\/wp-json\/wp\/v2\/product_cat?post=13380"},{"taxonomy":"product_tag","embeddable":true,"href":"https:\/\/educatiedeschisa.com\/ro\/wp-json\/wp\/v2\/product_tag?post=13380"}],"curies":[{"name":"wp","href":"https:\/\/api.w.org\/{rel}","templated":true}]}}