
{"id":9698,"date":"2025-12-03T19:10:56","date_gmt":"2025-12-03T19:10:56","guid":{"rendered":"https:\/\/educatiedeschisa.com\/?page_id=9698"},"modified":"2025-12-10T16:24:34","modified_gmt":"2025-12-10T16:24:34","slug":"intrebari-frecvente","status":"publish","type":"page","link":"https:\/\/educatiedeschisa.com\/ro\/intrebari-frecvente\/","title":{"rendered":"\u00centreb\u0103ri frecvente"},"content":{"rendered":"\t\t<div data-elementor-type=\"wp-page\" data-elementor-id=\"9698\" class=\"elementor elementor-9698\">\n\t\t\t\t<div class=\"elementor-element elementor-element-4654514 e-flex e-con-boxed e-con e-parent\" data-id=\"4654514\" data-element_type=\"container\">\n\t\t\t\t\t<div class=\"e-con-inner\">\n\t\t\t\t<div class=\"elementor-element elementor-element-46495aa elementor-widget elementor-widget-spacer\" data-id=\"46495aa\" data-element_type=\"widget\" data-widget_type=\"spacer.default\">\n\t\t\t\t<div class=\"elementor-widget-container\">\n\t\t\t\t\t\t\t<div class=\"elementor-spacer\">\n\t\t\t<div class=\"elementor-spacer-inner\"><\/div>\n\t\t<\/div>\n\t\t\t\t\t\t<\/div>\n\t\t\t\t<\/div>\n\t\t\t\t\t<\/div>\n\t\t\t\t<\/div>\n\t\t<div class=\"elementor-element elementor-element-47996bb e-flex e-con-boxed e-con e-parent\" data-id=\"47996bb\" data-element_type=\"container\">\n\t\t\t\t\t<div class=\"e-con-inner\">\n\t\t<div class=\"elementor-element elementor-element-4253b07 e-con-full e-flex e-con e-child\" data-id=\"4253b07\" data-element_type=\"container\">\n\t\t\t\t<div class=\"elementor-element elementor-element-0f8dd67 elementor-widget elementor-widget-heading\" data-id=\"0f8dd67\" data-element_type=\"widget\" data-widget_type=\"heading.default\">\n\t\t\t\t<div class=\"elementor-widget-container\">\n\t\t\t\t\t<h5 class=\"elementor-heading-title elementor-size-default\">Creare cont<\/h5>\t\t\t\t<\/div>\n\t\t\t\t<\/div>\n\t\t\t\t<div class=\"elementor-element elementor-element-7711aaf elementor-widget elementor-widget-video\" data-id=\"7711aaf\" data-element_type=\"widget\" data-settings=\"{&quot;youtube_url&quot;:&quot;https:\\\/\\\/youtu.be\\\/g5Rafq_tM2I&quot;,&quot;video_type&quot;:&quot;youtube&quot;,&quot;controls&quot;:&quot;yes&quot;}\" data-widget_type=\"video.default\">\n\t\t\t\t<div class=\"elementor-widget-container\">\n\t\t\t\t\t\t\t<div class=\"elementor-wrapper elementor-open-inline\">\n\t\t\t<div class=\"elementor-video\"><\/div>\t\t<\/div>\n\t\t\t\t\t\t<\/div>\n\t\t\t\t<\/div>\n\t\t\t\t<\/div>\n\t\t<div class=\"elementor-element elementor-element-15c260d e-con-full e-flex e-con e-child\" data-id=\"15c260d\" data-element_type=\"container\">\n\t\t\t\t<div class=\"elementor-element elementor-element-d26b707 elementor-widget elementor-widget-heading\" data-id=\"d26b707\" data-element_type=\"widget\" data-widget_type=\"heading.default\">\n\t\t\t\t<div class=\"elementor-widget-container\">\n\t\t\t\t\t<h5 class=\"elementor-heading-title elementor-size-default\">Cum s\u0103 te \u00eenregistrezi \u00eentr-o activitate pe platform\u0103<\/h5>\t\t\t\t<\/div>\n\t\t\t\t<\/div>\n\t\t\t\t<div class=\"elementor-element elementor-element-42cf88a elementor-widget elementor-widget-video\" data-id=\"42cf88a\" data-element_type=\"widget\" data-settings=\"{&quot;youtube_url&quot;:&quot;https:\\\/\\\/youtu.be\\\/piPQCPjMS1A&quot;,&quot;video_type&quot;:&quot;youtube&quot;,&quot;controls&quot;:&quot;yes&quot;}\" data-widget_type=\"video.default\">\n\t\t\t\t<div class=\"elementor-widget-container\">\n\t\t\t\t\t\t\t<div class=\"elementor-wrapper elementor-open-inline\">\n\t\t\t<div class=\"elementor-video\"><\/div>\t\t<\/div>\n\t\t\t\t\t\t<\/div>\n\t\t\t\t<\/div>\n\t\t\t\t<\/div>\n\t\t\t\t\t<\/div>\n\t\t\t\t<\/div>\n\t\t<div class=\"elementor-element elementor-element-2fe85f6 e-flex e-con-boxed e-con e-parent\" data-id=\"2fe85f6\" data-element_type=\"container\">\n\t\t\t\t\t<div class=\"e-con-inner\">\n\t\t\t\t<div class=\"elementor-element elementor-element-34cbd86 elementor-widget elementor-widget-spacer\" data-id=\"34cbd86\" data-element_type=\"widget\" data-widget_type=\"spacer.default\">\n\t\t\t\t<div class=\"elementor-widget-container\">\n\t\t\t\t\t\t\t<div class=\"elementor-spacer\">\n\t\t\t<div class=\"elementor-spacer-inner\"><\/div>\n\t\t<\/div>\n\t\t\t\t\t\t<\/div>\n\t\t\t\t<\/div>\n\t\t\t\t\t<\/div>\n\t\t\t\t<\/div>\n\t\t\t\t<\/div>\n\t\t","protected":false},"excerpt":{"rendered":"<p>Creare cont Cum s\u0103 te \u00eenregistrezi \u00eentr-o activitate pe platform\u0103<\/p>\n","protected":false},"author":1,"featured_media":0,"parent":0,"menu_order":0,"comment_status":"closed","ping_status":"closed","template":"","meta":{"footnotes":""},"class_list":["post-9698","page","type-page","status-publish","hentry","post-no-thumbnail"],"_links":{"self":[{"href":"https:\/\/educatiedeschisa.com\/ro\/wp-json\/wp\/v2\/pages\/9698","targetHints":{"allow":["GET"]}}],"collection":[{"href":"https:\/\/educatiedeschisa.com\/ro\/wp-json\/wp\/v2\/pages"}],"about":[{"href":"https:\/\/educatiedeschisa.com\/ro\/wp-json\/wp\/v2\/types\/page"}],"author":[{"embeddable":true,"href":"https:\/\/educatiedeschisa.com\/ro\/wp-json\/wp\/v2\/users\/1"}],"replies":[{"embeddable":true,"href":"https:\/\/educatiedeschisa.com\/ro\/wp-json\/wp\/v2\/comments?post=9698"}],"version-history":[{"count":9,"href":"https:\/\/educatiedeschisa.com\/ro\/wp-json\/wp\/v2\/pages\/9698\/revisions"}],"predecessor-version":[{"id":9903,"href":"https:\/\/educatiedeschisa.com\/ro\/wp-json\/wp\/v2\/pages\/9698\/revisions\/9903"}],"wp:attachment":[{"href":"https:\/\/educatiedeschisa.com\/ro\/wp-json\/wp\/v2\/media?parent=9698"}],"curies":[{"name":"wp","href":"https:\/\/api.w.org\/{rel}","templated":true}]}}