
{"id":7783,"date":"2025-07-29T19:37:28","date_gmt":"2025-07-29T19:37:28","guid":{"rendered":"https:\/\/educatiedeschisa.com\/accesibilitate\/"},"modified":"2025-10-31T16:22:17","modified_gmt":"2025-10-31T16:22:17","slug":"accesibilitate","status":"publish","type":"page","link":"https:\/\/educatiedeschisa.com\/ro\/accesibilitate\/","title":{"rendered":"Accesibilitate"},"content":{"rendered":"\t\t<div data-elementor-type=\"wp-page\" data-elementor-id=\"7783\" class=\"elementor elementor-7783 elementor-7062\">\n\t\t\t\t\t\t<section class=\"elementor-section elementor-top-section elementor-element elementor-element-64b02073 elementor-section-boxed elementor-section-gap-beside-yes elementor-section-height-default elementor-section-height-default elementor-section-column-vertical-align-stretch\" data-id=\"64b02073\" data-element_type=\"section\">\n\t\t\t\t\t\t<div class=\"elementor-container elementor-column-gap-extended\">\n\t\t\t\t\t<div class=\"elementor-column elementor-col-100 elementor-top-column elementor-element elementor-element-5fb648e4\" data-id=\"5fb648e4\" data-element_type=\"column\">\n\t\t\t<div class=\"elementor-widget-wrap elementor-element-populated\">\n\t\t\t\t\t\t<div class=\"elementor-element elementor-element-d6e2c3a elementor-widget elementor-widget-image\" data-id=\"d6e2c3a\" data-element_type=\"widget\" data-widget_type=\"image.default\">\n\t\t\t\t<div class=\"elementor-widget-container\">\n\t\t\t\t\t\t\t\t\t\t\t\t\t\t\t<img decoding=\"async\" src=\"https:\/\/educatiedeschisa.com\/wp-content\/uploads\/elementor\/thumbs\/accesibilidad-rh90u3ohtlnwsw282j3cw235xrtp77xho5nmap2x2g.jpg\" title=\"accesibilidad\" alt=\"accesibilidad\" loading=\"lazy\" \/>\t\t\t\t\t\t\t\t\t\t\t\t\t\t\t<\/div>\n\t\t\t\t<\/div>\n\t\t\t\t<div class=\"elementor-element elementor-element-340d4bcf elementor-widget elementor-widget-text-editor\" data-id=\"340d4bcf\" data-element_type=\"widget\" data-widget_type=\"text-editor.default\">\n\t\t\t\t<div class=\"elementor-widget-container\">\n\t\t\t\t\t\t\t\t\t<div class=\"row_site\"><div class=\"container_site\"><div id=\"main-content\" class=\"main\"><article id=\"post-3\" class=\"post-wrap post-3 page type-page status-publish hentry\"><section><h1><a href=\"https:\/\/educatiedeschisa.com\">educatiedeschisa.com<\/a> Declara\u021bie de accesibilitate<\/h1><p><b>Rezultat:<\/b> Par\u021bial conform<\/p><p><a href=\"https:\/\/educatiedeschisa.com\">educatiedeschisa.com<\/a>, s-a angajat s\u0103-\u0219i fac\u0103 site-ul accesibil \u00een conformitate cu <a href=\"https:\/\/www.boe.es\/boe\/dias\/2018\/09\/19\/pdfs\/BOE-A-2018-12699.pdf\">Decretul regal 1112\/2018 din 7 septembrie<\/a>.<\/p><p>\u00cencep\u00e2nd cu data de 31.10.2025, echipa <a href=\"https:\/\/edict.tech\">Edict Technologies<\/a> a efectuat un audit de accesibilitate a amplasamentului <a href=\"http:\/\/centroeducacionabierta.com\">centroeducacionabierta.com<\/a> urm\u00e2nd metodologia stabilit\u0103 \u00een standardul UNE-EN 301549:2022<\/p><p>Rezultatul auditului este <strong>par\u021bial \u00een conformitate<\/strong> cu RD 1112\/2018 \u0219i standardul UNE-EN 301549:2022 din cauza excep\u021biilor \u0219i neconformit\u0103\u021bii detaliate \u00een raportul desc\u0103rcabil.<\/p>Nivel<table><thead><tr><td colspan=\"2\">\u00a0<\/td><\/tr><\/thead><tbody><tr><td>Data conformit\u0103\u021bii<\/td><td>31\/10\/2025<\/td><\/tr><tr><td>Versiunea<\/td><td>UNE-RO 301549:2022<\/td><\/tr><tr><td>\u00a0<\/td><td><a href=\"https:\/\/www.etsi.org\/deliver\/etsi_en\/301500_301599\/301549\/03.02.01_60\/en_301549v030201p.pdf\" target=\"_blank\" rel=\"noopener\">Uri Desc\u0103rcare<\/a><\/td><\/tr><tr><td>\u00a0<\/td><td>de conformitate AA<\/td><\/tr><\/tbody><\/table><table><thead><tr><td>Domeniul de aplicare al declara\u021biei<\/td><\/tr><\/thead><tbody><tr><td>Tot con\u021binutul web public<\/td><\/tr><\/tbody><\/table><table><thead><tr><td colspan=\"3\">Exemplu de<\/td><\/tr><tr><td><b>pagini Titlu<\/b><\/td><td><b>Uri<\/b><\/td><\/tr><\/thead><tbody><tr><td>Acas\u0103<\/td><td><a href=\"https:\/\/educatiedeschisa.com\/ro\/\">https:\/\/educatiedeschisa.com\/ro<\/a><\/td><\/tr><tr><td>Revistas<\/td><td><a href=\"https:\/\/educatiedeschisa.com\/ro\/reviste\/\">https:\/\/educatiedeschisa.com\/ro\/reviste<\/a><\/td><\/tr><tr><td>Despre noi<\/td><td><a href=\"https:\/\/educatiedeschisa.com\/ro\/noi\/\">https:\/\/educatiedeschisa.com\/ro\/noi<\/a><\/td><\/tr><tr><td>Blog<\/td><td><a href=\"https:\/\/educatiedeschisa.com\/ro\/blog\/\">https:\/\/<\/a><a href=\"https:\/\/educatiedeschisa.com\/ro\/noi\/\">educatiedeschisa<\/a><a href=\"https:\/\/educatiedeschisa.com\/ro\/blog\/\">.com\/ro\/blog<\/a><\/td><\/tr><tr><td>Contact<\/td><td><a href=\"https:\/\/centroeducacionabierta.com\/contacto\">https:\/\/<\/a><a href=\"https:\/\/educatiedeschisa.com\/ro\/noi\/\">educatiedeschisa<\/a><a href=\"https:\/\/educatiedeschisa.com\/ro\/contact\/\">.com\/ro\/contact<\/a><\/td><\/tr><tr><td>Politica de confiden\u021bialitate<\/td><td><a href=\"https:\/\/educatiedeschisa.com\/ro\/politica-de-confidentialitate\/\">https:\/\/educatiedeschisa.com\/ro\/politica-de-confidentialitate\/<\/a><\/td><\/tr><tr><td>Politica privind cookie-urile<\/td><td><a href=\"https:\/\/educatiedeschisa.com\/ro\/politica-de-cookie-uri\/\">https:\/\/educatiedeschisa.com\/ro\/politica-de-cookie-uri\/<\/a><\/td><\/tr><tr><td>Accesibilitate<\/td><td><a href=\"https:\/\/educatiedeschisa.com\/ro\/accesibilitate\/\">https:\/\/educatiedeschisa.com\/ro\/accesibilitate\/<\/a><\/td><\/tr><\/tbody><\/table><table><thead><tr><td colspan=\"2\"><b>Tehnologii prezente<\/b><\/td><\/tr><\/thead><tbody><tr><td>CSS<\/td><td>http:\/\/www.w3.org\/Style\/CSS\/specs\/<\/td><\/tr><tr><td>HTML5<\/td><td>http:\/\/www.w3.org\/TR\/html5\/<\/td><\/tr><tr><td>WAI-ARIA<\/td><td>https:\/\/www.w3.org\/TR\/wai-aria\/<\/td><\/tr><tr><td>WordPress<\/td><td>https:\/\/wordpress.com\/es\/<\/td><\/tr><tr><td>JavaScript<\/td><td>https:\/\/developer.mozilla.org\/es\/docs\/Web\/JavaScript<\/td><\/tr><\/tbody><\/table><table><thead><tr><td><b>Unelte utilizate<\/b><\/td><\/tr><\/thead><tbody><tr><td>Browser DevTools\/Inspector<\/td><\/tr><tr><td>Validare HTML<\/td><\/tr><tr><td>Numai tastatur\u0103<\/td><\/tr><tr><td>Cititor de ecran VoiceOver<\/td><\/tr><tr><td>Extensia de browser WAVE<\/td><\/tr><tr><td>ZoomText Fusion<\/td><\/tr><\/tbody><\/table><table><thead><tr><td><b>Agen\u021bi utilizator utiliza\u021bi<\/b><\/td><\/tr><\/thead><tbody><tr><td>Chrome \u2013 Cele mai recente<\/td><\/tr><tr><td>Chrome pentru Android<\/td><\/tr><tr><td>Edge \u2013 Cele mai recente<\/td><\/tr><tr><td>Firefox \u2013 Cele mai recente<\/td><\/tr><\/tbody><\/table><section><h2>Contact<\/h2><p>Pute\u021bi face comunic\u0103ri cu privire la cerin\u021bele de accesibilitate (articolul 10.2.a) din RD 1112\/2018, cum ar fi:<\/p><ul><li>Pentru a raporta orice posibil\u0103 conformitate de c\u0103tre acest site web<\/li><li>Transmite\u021bi alte dificult\u0103\u021bi \u00een accesarea con\u021binutului<\/li><li>Pentru a face orice alte \u00eentreb\u0103ri sau sugestii de \u00eembun\u0103t\u0103\u021bire cu privire la accesibilitatea site-ului web<\/li><\/ul><p>Prin <a class=\"info-link\" href=\"mailto:centroeducacionabierta@gmail.com\">contul de e-mail <span class=\"info-text\">centroeducacionabierta@gmail.com<\/span><\/a><\/p><\/section><\/section><\/article><\/div><\/div><\/div>\t\t\t\t\t\t\t\t<\/div>\n\t\t\t\t<\/div>\n\t\t\t\t\t<\/div>\n\t\t<\/div>\n\t\t\t\t\t<\/div>\n\t\t<\/section>\n\t\t<div class=\"elementor-element elementor-element-d6c2ec5 e-flex e-con-boxed e-con e-parent\" data-id=\"d6c2ec5\" data-element_type=\"container\">\n\t\t\t\t\t<div class=\"e-con-inner\">\n\t\t\t\t<div class=\"elementor-element elementor-element-b0bd0c4 elementor-widget elementor-widget-button\" data-id=\"b0bd0c4\" data-element_type=\"widget\" data-widget_type=\"button.default\">\n\t\t\t\t<div class=\"elementor-widget-container\">\n\t\t\t\t\t\t\t\t\t<div class=\"elementor-button-wrapper\">\n\t\t\t\t\t<a class=\"elementor-button elementor-button-link elementor-size-sm\" href=\"\/wp-content\/uploads\/2025\/10\/educacion-abierta-accesibilidad.pdf\">\n\t\t\t\t\t\t<span class=\"elementor-button-content-wrapper\">\n\t\t\t\t\t\t\t\t\t<span class=\"elementor-button-text\">Desc\u0103rca\u021bi raportul<\/span>\n\t\t\t\t\t<\/span>\n\t\t\t\t\t<\/a>\n\t\t\t\t<\/div>\n\t\t\t\t\t\t\t\t<\/div>\n\t\t\t\t<\/div>\n\t\t\t\t\t<\/div>\n\t\t\t\t<\/div>\n\t\t\t\t<\/div>\n\t\t","protected":false},"excerpt":{"rendered":"<p>educatiedeschisa.com Declara\u021bie de accesibilitate Rezultat: Par\u021bial conform educatiedeschisa.com, s-a angajat s\u0103-\u0219i fac\u0103 site-ul accesibil \u00een conformitate cu Decretul regal 1112\/2018 din 7 septembrie. \u00cencep\u00e2nd cu data de 31.10.2025, echipa Edict Technologies a efectuat un audit de accesibilitate a amplasamentului centroeducacionabierta.com urm\u00e2nd metodologia stabilit\u0103 \u00een standardul UNE-EN 301549:2022 Rezultatul auditului este par\u021bial \u00een conformitate cu RD 1112\/2018 \u0219i standardul UNE-EN 301549:2022 din cauza excep\u021biilor \u0219i neconformit\u0103\u021bii detaliate \u00een raportul desc\u0103rcabil. Nivel \u00a0 Data conformit\u0103\u021bii 31\/10\/2025 Versiunea UNE-RO 301549:2022 \u00a0 Uri Desc\u0103rcare \u00a0 de conformitate AA Domeniul de aplicare al declara\u021biei Tot con\u021binutul web public Exemplu de pagini Titlu Uri Acas\u0103 https:\/\/educatiedeschisa.com\/ro Revistas https:\/\/educatiedeschisa.com\/ro\/reviste Despre noi https:\/\/educatiedeschisa.com\/ro\/noi Blog https:\/\/educatiedeschisa.com\/ro\/blog Contact https:\/\/educatiedeschisa.com\/ro\/contact Politica de confiden\u021bialitate https:\/\/educatiedeschisa.com\/ro\/politica-de-confidentialitate\/ Politica privind cookie-urile https:\/\/educatiedeschisa.com\/ro\/politica-de-cookie-uri\/ Accesibilitate https:\/\/educatiedeschisa.com\/ro\/accesibilitate\/ Tehnologii prezente CSS http:\/\/www.w3.org\/Style\/CSS\/specs\/ HTML5 http:\/\/www.w3.org\/TR\/html5\/ WAI-ARIA https:\/\/www.w3.org\/TR\/wai-aria\/ WordPress https:\/\/wordpress.com\/es\/ JavaScript https:\/\/developer.mozilla.org\/es\/docs\/Web\/JavaScript Unelte utilizate Browser DevTools\/Inspector Validare HTML Numai tastatur\u0103 Cititor de ecran VoiceOver Extensia de browser WAVE ZoomText Fusion Agen\u021bi utilizator utiliza\u021bi Chrome \u2013 Cele mai recente Chrome pentru Android Edge \u2013 Cele mai recente Firefox \u2013 Cele mai recente Contact Pute\u021bi face comunic\u0103ri cu privire la cerin\u021bele de accesibilitate (articolul 10.2.a) din RD 1112\/2018, cum ar fi: Pentru a raporta orice posibil\u0103 conformitate de c\u0103tre acest site web Transmite\u021bi alte dificult\u0103\u021bi \u00een accesarea con\u021binutului Pentru a face orice alte \u00eentreb\u0103ri sau sugestii de \u00eembun\u0103t\u0103\u021bire cu privire la accesibilitatea site-ului web Prin contul de e-mail centroeducacionabierta@gmail.com Desc\u0103rca\u021bi raportul<\/p>\n","protected":false},"author":1,"featured_media":0,"parent":0,"menu_order":0,"comment_status":"closed","ping_status":"closed","template":"","meta":{"footnotes":""},"class_list":["post-7783","page","type-page","status-publish","hentry","post-no-thumbnail"],"_links":{"self":[{"href":"https:\/\/educatiedeschisa.com\/ro\/wp-json\/wp\/v2\/pages\/7783","targetHints":{"allow":["GET"]}}],"collection":[{"href":"https:\/\/educatiedeschisa.com\/ro\/wp-json\/wp\/v2\/pages"}],"about":[{"href":"https:\/\/educatiedeschisa.com\/ro\/wp-json\/wp\/v2\/types\/page"}],"author":[{"embeddable":true,"href":"https:\/\/educatiedeschisa.com\/ro\/wp-json\/wp\/v2\/users\/1"}],"replies":[{"embeddable":true,"href":"https:\/\/educatiedeschisa.com\/ro\/wp-json\/wp\/v2\/comments?post=7783"}],"version-history":[{"count":4,"href":"https:\/\/educatiedeschisa.com\/ro\/wp-json\/wp\/v2\/pages\/7783\/revisions"}],"predecessor-version":[{"id":9062,"href":"https:\/\/educatiedeschisa.com\/ro\/wp-json\/wp\/v2\/pages\/7783\/revisions\/9062"}],"wp:attachment":[{"href":"https:\/\/educatiedeschisa.com\/ro\/wp-json\/wp\/v2\/media?parent=7783"}],"curies":[{"name":"wp","href":"https:\/\/api.w.org\/{rel}","templated":true}]}}