
{"id":7780,"date":"2025-07-29T19:28:40","date_gmt":"2025-07-29T19:28:40","guid":{"rendered":"https:\/\/educatiedeschisa.com\/politica-de-cookie-uri\/"},"modified":"2025-08-04T20:18:58","modified_gmt":"2025-08-04T20:18:58","slug":"politica-de-cookie-uri","status":"publish","type":"page","link":"https:\/\/educatiedeschisa.com\/ro\/politica-de-cookie-uri\/","title":{"rendered":"Politica de cookie-uri"},"content":{"rendered":"\t\t<div data-elementor-type=\"wp-page\" data-elementor-id=\"7780\" class=\"elementor elementor-7780 elementor-7056\">\n\t\t\t\t\t\t<section class=\"elementor-section elementor-top-section elementor-element elementor-element-64b02073 elementor-section-boxed elementor-section-gap-beside-yes elementor-section-height-default elementor-section-height-default elementor-section-column-vertical-align-stretch\" data-id=\"64b02073\" data-element_type=\"section\">\n\t\t\t\t\t\t<div class=\"elementor-container elementor-column-gap-extended\">\n\t\t\t\t\t<div class=\"elementor-column elementor-col-100 elementor-top-column elementor-element elementor-element-5fb648e4\" data-id=\"5fb648e4\" data-element_type=\"column\">\n\t\t\t<div class=\"elementor-widget-wrap elementor-element-populated\">\n\t\t\t\t\t\t<div class=\"elementor-element elementor-element-d6e2c3a elementor-widget elementor-widget-image\" data-id=\"d6e2c3a\" data-element_type=\"widget\" data-widget_type=\"image.default\">\n\t\t\t\t<div class=\"elementor-widget-container\">\n\t\t\t\t\t\t\t\t\t\t\t\t\t\t\t<img decoding=\"async\" src=\"https:\/\/educatiedeschisa.com\/wp-content\/uploads\/elementor\/thumbs\/cookie-policy-rh90u3ohtlnwsw282j3cw235xrtp77xho5nmap2x2g.jpg\" title=\"cookie policy\" alt=\"cookie policy\" loading=\"lazy\" \/>\t\t\t\t\t\t\t\t\t\t\t\t\t\t\t<\/div>\n\t\t\t\t<\/div>\n\t\t\t\t<div class=\"elementor-element elementor-element-340d4bcf elementor-widget elementor-widget-text-editor\" data-id=\"340d4bcf\" data-element_type=\"widget\" data-widget_type=\"text-editor.default\">\n\t\t\t\t<div class=\"elementor-widget-container\">\n\t\t\t\t\t\t\t\t\t<div class=\"row_site\"><div class=\"container_site\"><div id=\"main-content\" class=\"main\"><article id=\"post-3\" class=\"post-wrap post-3 page type-page status-publish hentry\"><h2>POLITICA DE COOKIE-URI<\/h2><div class=\"row_site\"><div class=\"container_site\"><div id=\"main-content\" class=\"main\"><article id=\"post-5276\" class=\"post-wrap post-5276 page type-page status-publish hentry\"><p>Acest site web folose\u0219te cookie-uri.<br>LSSI oblig\u0103 administratorii site-ului web s\u0103 informeze \u0219i s\u0103 solicite consim\u021b\u0103m\u00e2ntul utilizatorului pentru utilizarea cookie-urilor, de\u0219i nu toate cookie-urile au nevoie de consim\u021b\u0103m\u00e2ntul utilizatorului pentru a fi utilizate.<br>Scopul acestui site este de a v\u0103 oferi informa\u021bii despre utilizarea cookie-urilor pe acest site, astfel \u00eenc\u00e2t s\u0103 pute\u021bi consim\u021bi la utilizarea cookie-urilor cu informa\u021bii despre acesta.<\/p><h2 class=\"wp-block-heading\">Cum v\u0103 vom cere consim\u021b\u0103m\u00e2ntul pentru utilizarea cookie-urilor pe site-ul nostru?<\/h2><p>Prima dat\u0103 c\u00e2nd accesa\u021bi site-ul nostru ve\u021bi vedea un banner sau un fel de reclam\u0103 cu un text care spune: &#8222;Acest site web folose\u0219te cookie-uri. Dac\u0103 continua\u021bi s\u0103 naviga\u021bi, \u00een\u021belegem c\u0103 accepta\u021bi utilizarea acestuia (face\u021bi clic pe butonul &#8222;de acord&#8221;). Afla\u021bi mai multe despre cookie-uri.&#8221; Din acel moment, tu decizi daca vrei sa continui sa navighezi pe site-ul nostru sau daca preferi sa pleci pentru ca nu vrei cookie-uri.<\/p><h2 class=\"wp-block-heading\">Ce sunt cookie-urile?<\/h2><p>Cookie-urile sunt fi\u0219iere mici, care sunt trimise \u0219i stocate pe computerul dumneavoastr\u0103 de c\u0103tre site-urile web pe care le vizita\u021bi. Cookie-urile sunt stocate \u00een directorul de fi\u0219iere al browserului dvs.<\/p><h2 class=\"wp-block-heading\">Pentru ce sunt folosite cookie-urile?<\/h2><p>Cookie-urile sunt utilizate pentru a personaliza \u0219i facilita navigarea utilizatorului c\u00e2t mai mult posibil. Cookie-urile sunt asociate doar cu un utilizator anonim \u0219i computerul acestuia \u0219i nu ofer\u0103 referin\u021be care s\u0103 permit\u0103 deducerea datelor personale ale utilizatorului<\/p><h2 class=\"wp-block-heading\">Sunt cookie-urile periculoase?<\/h2><p>Nu.<\/p><p>Cookie-urile sunt mici buc\u0103\u021bi de text. Nu sunt programe de calculator care pot fi executate ca cod. Iat\u0103 un exemplu de con\u021binut al unui cookie tipic:<\/p><p>HMP1 1 hotmail.msn.com\/ 0 1715191808<br>32107852 1236821008 29449527 *<br>Codul are sens doar pentru serverele Microsoft MSN Hotmail.<br>Cookie-urile nu pot fi utilizate pentru a r\u0103sp\u00e2ndi viru\u0219i.<br>Cookie-urile sunt stocate pe discul computerului \u0219i nu pot citi alte informa\u021bii \u00eenregistrate pe hard disk.<br>\u00cen plus, browserele web ofer\u0103 utilizatorilor instrumente pentru a controla utilizarea cookie-urilor.<\/p><h2 class=\"wp-block-heading\">Ce tipuri de cookie-uri sunt utilizate de obicei?<\/h2><p>Putem face diferite clasific\u0103ri ale cookie-urilor care sunt utilizate<\/p><p><strong>1.-Din punct de vedere al consim\u021b\u0103m\u00e2ntului utilizatorului, le putem clasifica:<\/strong><br>Cookie-uri strict necesare, care nu necesit\u0103 consim\u021b\u0103m\u00e2ntul utilizatorului<br>Acestea sunt cookie-uri utilizate \u00een unul dintre urm\u0103toarele scopuri:<br>Permite\u021bi numai comunicarea \u00eentre computerul utilizatorului \u0219i re\u021bea.<br>Strict pentru a furniza un serviciu solicitat \u00een mod expres de utilizator.<br>\u00cen acest sens, Grupul de lucru Articolul 29 \u00een Avizul s\u0103u 4\/20123 a interpretat c\u0103 printre cookie-urile exceptate ar fi cele al c\u0103ror scop este:<\/p><p>Cookie-uri de &#8222;introducere a utilizatorului&#8221;<br>Cookie-uri de autentificare sau identificare a utilizatorului (doar sesiune)<br>Cookie-uri de securitate pentru utilizatori<br>Cookie-uri de sesiune Media Player<br>Cookie-uri de sesiune pentru a echilibra sarcina<br>Cookie-uri de personalizare a interfe\u021bei cu utilizatorul<br>Cookie-uri plug-in pentru partajarea con\u021binutului social<br>Cookie-uri care necesit\u0103 consim\u021b\u0103m\u00e2ntul utilizatorului<br>Acestea sunt restul cookie-urilor care nu sunt incluse \u00een sec\u021biunea anterioar\u0103<\/p><p><strong>2.- Din punctul de vedere al scopului pentru care sunt utilizate:<\/strong><br>Cookie-uri tehnice<br>Cookie-uri de personalizare<br>Cookie-uri analitice<br>Cookie-uri publicitare<br>Cookie-uri de publicitate comportamental\u0103<\/p><p><strong>3.-\u00cen func\u021bie de c\u00e2t timp r\u0103m\u00e2n active pe computerul utilizatorului<\/strong><br>Cookie-uri de sesiune<br>Cookie-uri persistente<\/p><p><strong>4.-\u00cen func\u021bie de entitatea care le gestioneaz\u0103<\/strong><br>Cookie-uri primare: Acestea sunt cele care sunt trimise c\u0103tre echipamentul terminal al utilizatorului de pe un computer sau domeniu gestionat de editorul \u00eensu\u0219i \u0219i de pe care este furnizat serviciul solicitat de utilizator.<br>Cookie-uri ter\u021be: Acestea sunt cele care sunt trimise c\u0103tre echipamentul terminal al utilizatorului de pe un computer sau domeniu care nu este gestionat de editor, ci de o alt\u0103 entitate care prelucreaz\u0103 datele ob\u021binute prin cookie-uri.<br>\u00cen cazul \u00een care cookie-urile sunt instalate de pe un computer sau domeniu gestionat de editorul \u00eensu\u0219i, dar informa\u021biile colectate prin intermediul acestora sunt gestionate de o ter\u021b\u0103 parte, acestea nu pot fi considerate cookie-uri primare.<\/p><h2 class=\"wp-block-heading\">Ce tip de cookie-uri folose\u0219te acest site web?<\/h2><p>Acest site utilizeaz\u0103:<br>Cookie-uri tehnice strict necesare pentru buna func\u021bionare a site-ului nostru.<br>De exemplu, cookie-urile necesare pentru \u00eenregistrarea utilizatorului, pentru a gestiona co\u0219ul de cump\u0103r\u0103turi<br>Cookie-uri WordPress pentru a facilita navigarea utilizatorului pe site-ul nostru<br>Cookie-uri PayPal pentru a gestiona plata comenzilor<br>Cookie-uri sociale necesare pentru re\u021belele sociale externe<br>Cookie-uri de analiz\u0103. Acestea sunt cookie-uri legate de Google Analytics.<\/p><p>Afla\u021bi mai multe despre cookie-urile Google Analytics<br><a href=\"https:\/\/developers.google.com\/analytics\/devguides\/collection\/analyticsjs\/cookie-usage\">https:\/\/developers.google.com\/analytics\/devguides\/collection\/analyticsjs\/cookie-usage<\/a><\/p><h2 class=\"wp-block-heading\">Cum pot fi gestionate\/blocate cookie-urile \u00een browsere?<\/h2><p>Toate browserele v\u0103 permit s\u0103 v\u0103 gestiona\u021bi confiden\u021bialitatea \u0219i utilizarea cookie-urilor, merg\u00e2nd p\u00e2n\u0103 la a putea bloca utilizarea cookie-urilor.<br>Ata\u0219\u0103m link-uri cu informa\u021bii pentru diferite tipuri de browsere<br><strong>Google Chrome<\/strong>: <a href=\"https:\/\/support.google.com\/chrome\/answer\/95647?hl=es\">https:\/\/support.google.com\/chrome\/answer\/95647?hl=es<\/a><br><strong>Firefox<\/strong>: <a href=\"http:\/\/support.mozilla.org\/es\/kb\/configuracion-de-la-privacidad-el-historial-de-nav?redirectlocale=es&amp;as=u&amp;redirectslug=Ventana+Opciones+-+Panel+Privacidad\">http:\/\/support.mozilla.org\/es\/kb\/configuracion-de-la-privacidad-el-historial-de-nav?redirectlocale=es&amp;as=u&amp;redirectslug=Ventana+Opciones+-+Panel+Privacidad<\/a><br><a href=\"http:\/\/support.mozilla.org\/es\/kb\/cookies-informacion-que-los-sitios-web-guardan-en-?redirectlocale=en-US&amp;redirectslug=Cookies\">http:\/\/support.mozilla.org\/es\/kb\/cookies-informacion-que-los-sitios-web-guardan-en-?redirectlocale=en-US&amp;redirectslug=Cookies<\/a><br><strong>Internet Explorer<\/strong>: <a href=\"http:\/\/support.mozilla.org\/es\/kb\/cookies-informacion-que-los-sitios-web-guardan-en-?redirectlocale=en-US&amp;redirectslug=Cookies\">http:\/\/windows.microsoft.com\/es-ES\/windows7\/How-to-manage-cookies-in-Internet-Explorer-9<\/a><br><strong>Safari:<\/strong> http:\/\/support.apple.com\/kb\/PH5042<br>Google a dezvoltat un supliment de renun\u021bare Google Analytics pentru browsere, pe care \u00eel pute\u021bi accesa la urm\u0103torul link: <a href=\"https:\/\/tools.google.com\/dlpage\/gaoptout\">https:\/\/tools.google.com\/dlpage\/gaoptout<\/a><\/p><h2 class=\"wp-block-heading\">Afla\u021bi mai multe despre cookie-uri<\/h2><p>Ghidul AEPD privind utilizarea cookie-urilor<br><a href=\"http:\/\/www.agpd.es\/portalwebAGPD\/canaldocumentacion\/publicaciones\/common\/Guias\/Guia_Cookies.pdf%3C\/a%3E\">http:\/\/www.agpd.es\/portalwebAGPD\/canaldocumentacion\/ publica\u021bii\/comune\/Ghiduri\/Guia_Cookies.pdf<\/a><br>Un site web cu o mul\u021bime de informa\u021bii despre cookie-uri este:<br><a href=\"http:\/\/www.aboutcookies.org\/default.aspx\">http:\/\/www.aboutcookies.org\/default.aspx<\/a><\/p><\/article><\/div><\/div><\/div><\/article><\/div><\/div><\/div>\t\t\t\t\t\t\t\t<\/div>\n\t\t\t\t<\/div>\n\t\t\t\t\t<\/div>\n\t\t<\/div>\n\t\t\t\t\t<\/div>\n\t\t<\/section>\n\t\t\t\t<\/div>\n\t\t","protected":false},"excerpt":{"rendered":"<p>POLITICA DE COOKIE-URI Acest site web folose\u0219te cookie-uri.LSSI oblig\u0103 administratorii site-ului web s\u0103 informeze \u0219i s\u0103 solicite consim\u021b\u0103m\u00e2ntul utilizatorului pentru utilizarea cookie-urilor, de\u0219i nu toate cookie-urile au nevoie de consim\u021b\u0103m\u00e2ntul utilizatorului pentru a fi utilizate.Scopul acestui site este de a v\u0103 oferi informa\u021bii despre utilizarea cookie-urilor pe acest site, astfel \u00eenc\u00e2t s\u0103 pute\u021bi consim\u021bi la utilizarea cookie-urilor cu informa\u021bii despre acesta. Cum v\u0103 vom cere consim\u021b\u0103m\u00e2ntul pentru utilizarea cookie-urilor pe site-ul nostru? Prima dat\u0103 c\u00e2nd accesa\u021bi site-ul nostru ve\u021bi vedea un banner sau un fel de reclam\u0103 cu un text care spune: &#8222;Acest site web folose\u0219te cookie-uri. Dac\u0103 continua\u021bi s\u0103 naviga\u021bi, \u00een\u021belegem c\u0103 accepta\u021bi utilizarea acestuia (face\u021bi clic pe butonul &#8222;de acord&#8221;). Afla\u021bi mai multe despre cookie-uri.&#8221; Din acel moment, tu decizi daca vrei sa continui sa navighezi pe site-ul nostru sau daca preferi sa pleci pentru ca nu vrei cookie-uri. Ce sunt cookie-urile? Cookie-urile sunt fi\u0219iere mici, care sunt trimise \u0219i stocate pe computerul dumneavoastr\u0103 de c\u0103tre site-urile web pe care le vizita\u021bi. Cookie-urile sunt stocate \u00een directorul de fi\u0219iere al browserului dvs. Pentru ce sunt folosite cookie-urile? Cookie-urile sunt utilizate pentru a personaliza \u0219i facilita navigarea utilizatorului c\u00e2t mai mult posibil. Cookie-urile sunt asociate doar cu un utilizator anonim \u0219i computerul acestuia \u0219i nu ofer\u0103 referin\u021be care s\u0103 permit\u0103 deducerea datelor personale ale utilizatorului Sunt cookie-urile periculoase? Nu. Cookie-urile sunt mici buc\u0103\u021bi de text. Nu sunt programe de calculator care pot fi executate ca cod. Iat\u0103 un exemplu de con\u021binut al unui cookie tipic: HMP1 1 hotmail.msn.com\/ 0 171519180832107852 1236821008 29449527 *Codul are sens doar pentru serverele Microsoft MSN Hotmail.Cookie-urile nu pot fi utilizate pentru a r\u0103sp\u00e2ndi viru\u0219i.Cookie-urile sunt stocate pe discul computerului \u0219i nu pot citi alte informa\u021bii \u00eenregistrate pe hard disk.\u00cen plus, browserele web ofer\u0103 utilizatorilor instrumente pentru a controla utilizarea cookie-urilor. Ce tipuri de cookie-uri sunt utilizate de obicei? Putem face diferite clasific\u0103ri ale cookie-urilor care sunt utilizate 1.-Din punct de vedere al consim\u021b\u0103m\u00e2ntului utilizatorului, le putem clasifica:Cookie-uri strict necesare, care nu necesit\u0103 consim\u021b\u0103m\u00e2ntul utilizatoruluiAcestea sunt cookie-uri utilizate \u00een unul dintre urm\u0103toarele scopuri:Permite\u021bi numai comunicarea \u00eentre computerul utilizatorului \u0219i re\u021bea.Strict pentru a furniza un serviciu solicitat \u00een mod expres de utilizator.\u00cen acest sens, Grupul de lucru Articolul 29 \u00een Avizul s\u0103u 4\/20123 a interpretat c\u0103 printre cookie-urile exceptate ar fi cele al c\u0103ror scop este: Cookie-uri de &#8222;introducere a utilizatorului&#8221;Cookie-uri de autentificare sau identificare a utilizatorului (doar sesiune)Cookie-uri de securitate pentru utilizatoriCookie-uri de sesiune Media PlayerCookie-uri de sesiune pentru a echilibra sarcinaCookie-uri de personalizare a interfe\u021bei cu utilizatorulCookie-uri plug-in pentru partajarea con\u021binutului socialCookie-uri care necesit\u0103 consim\u021b\u0103m\u00e2ntul utilizatoruluiAcestea sunt restul cookie-urilor care nu sunt incluse \u00een sec\u021biunea anterioar\u0103 2.- Din punctul de vedere al scopului pentru care sunt utilizate:Cookie-uri tehniceCookie-uri de personalizareCookie-uri analiticeCookie-uri publicitareCookie-uri de publicitate comportamental\u0103 3.-\u00cen func\u021bie de c\u00e2t timp r\u0103m\u00e2n active pe computerul utilizatoruluiCookie-uri de sesiuneCookie-uri persistente 4.-\u00cen func\u021bie de entitatea care le gestioneaz\u0103Cookie-uri primare: Acestea sunt cele care sunt trimise c\u0103tre echipamentul terminal al utilizatorului de pe un computer sau domeniu gestionat de editorul \u00eensu\u0219i \u0219i de pe care este furnizat serviciul solicitat de utilizator.Cookie-uri ter\u021be: Acestea sunt cele care sunt trimise c\u0103tre echipamentul terminal al utilizatorului de pe un computer sau domeniu care nu este gestionat de editor, ci de o alt\u0103 entitate care prelucreaz\u0103 datele ob\u021binute prin cookie-uri.\u00cen cazul \u00een care cookie-urile sunt instalate de pe un computer sau domeniu gestionat de editorul \u00eensu\u0219i, dar informa\u021biile colectate prin intermediul acestora sunt gestionate de o ter\u021b\u0103 parte, acestea nu pot fi considerate cookie-uri primare. Ce tip de cookie-uri folose\u0219te acest site web? Acest site utilizeaz\u0103:Cookie-uri tehnice strict necesare pentru buna func\u021bionare a site-ului nostru.De exemplu, cookie-urile necesare pentru \u00eenregistrarea utilizatorului, pentru a gestiona co\u0219ul de cump\u0103r\u0103turiCookie-uri WordPress pentru a facilita navigarea utilizatorului pe site-ul nostruCookie-uri PayPal pentru a gestiona plata comenzilorCookie-uri sociale necesare pentru re\u021belele sociale externeCookie-uri de analiz\u0103. Acestea sunt cookie-uri legate de Google Analytics. Afla\u021bi mai multe despre cookie-urile Google Analyticshttps:\/\/developers.google.com\/analytics\/devguides\/collection\/analyticsjs\/cookie-usage Cum pot fi gestionate\/blocate cookie-urile \u00een browsere? Toate browserele v\u0103 permit s\u0103 v\u0103 gestiona\u021bi confiden\u021bialitatea \u0219i utilizarea cookie-urilor, merg\u00e2nd p\u00e2n\u0103 la a putea bloca utilizarea cookie-urilor.Ata\u0219\u0103m link-uri cu informa\u021bii pentru diferite tipuri de browsereGoogle Chrome: https:\/\/support.google.com\/chrome\/answer\/95647?hl=esFirefox: http:\/\/support.mozilla.org\/es\/kb\/configuracion-de-la-privacidad-el-historial-de-nav?redirectlocale=es&amp;as=u&amp;redirectslug=Ventana+Opciones+-+Panel+Privacidadhttp:\/\/support.mozilla.org\/es\/kb\/cookies-informacion-que-los-sitios-web-guardan-en-?redirectlocale=en-US&amp;redirectslug=CookiesInternet Explorer: http:\/\/windows.microsoft.com\/es-ES\/windows7\/How-to-manage-cookies-in-Internet-Explorer-9Safari: http:\/\/support.apple.com\/kb\/PH5042Google a dezvoltat un supliment de renun\u021bare Google Analytics pentru browsere, pe care \u00eel pute\u021bi accesa la urm\u0103torul link: https:\/\/tools.google.com\/dlpage\/gaoptout Afla\u021bi mai multe despre cookie-uri Ghidul AEPD privind utilizarea cookie-urilorhttp:\/\/www.agpd.es\/portalwebAGPD\/canaldocumentacion\/ publica\u021bii\/comune\/Ghiduri\/Guia_Cookies.pdfUn site web cu o mul\u021bime de informa\u021bii despre cookie-uri este:http:\/\/www.aboutcookies.org\/default.aspx<\/p>\n","protected":false},"author":1,"featured_media":0,"parent":0,"menu_order":0,"comment_status":"closed","ping_status":"closed","template":"","meta":{"footnotes":""},"class_list":["post-7780","page","type-page","status-publish","hentry","post-no-thumbnail"],"_links":{"self":[{"href":"https:\/\/educatiedeschisa.com\/ro\/wp-json\/wp\/v2\/pages\/7780","targetHints":{"allow":["GET"]}}],"collection":[{"href":"https:\/\/educatiedeschisa.com\/ro\/wp-json\/wp\/v2\/pages"}],"about":[{"href":"https:\/\/educatiedeschisa.com\/ro\/wp-json\/wp\/v2\/types\/page"}],"author":[{"embeddable":true,"href":"https:\/\/educatiedeschisa.com\/ro\/wp-json\/wp\/v2\/users\/1"}],"replies":[{"embeddable":true,"href":"https:\/\/educatiedeschisa.com\/ro\/wp-json\/wp\/v2\/comments?post=7780"}],"version-history":[{"count":1,"href":"https:\/\/educatiedeschisa.com\/ro\/wp-json\/wp\/v2\/pages\/7780\/revisions"}],"predecessor-version":[{"id":7782,"href":"https:\/\/educatiedeschisa.com\/ro\/wp-json\/wp\/v2\/pages\/7780\/revisions\/7782"}],"wp:attachment":[{"href":"https:\/\/educatiedeschisa.com\/ro\/wp-json\/wp\/v2\/media?parent=7780"}],"curies":[{"name":"wp","href":"https:\/\/api.w.org\/{rel}","templated":true}]}}