
{"id":7766,"date":"2020-06-19T09:08:52","date_gmt":"2020-06-19T09:08:52","guid":{"rendered":"https:\/\/educatiedeschisa.com\/politica-de-confidentialitate\/"},"modified":"2025-08-04T20:24:09","modified_gmt":"2025-08-04T20:24:09","slug":"politica-de-confidentialitate","status":"publish","type":"page","link":"https:\/\/educatiedeschisa.com\/ro\/politica-de-confidentialitate\/","title":{"rendered":"Politica de confiden\u021bialitate"},"content":{"rendered":"\t\t<div data-elementor-type=\"wp-page\" data-elementor-id=\"7766\" class=\"elementor elementor-7766 elementor-154\">\n\t\t\t\t\t\t<section class=\"elementor-section elementor-top-section elementor-element elementor-element-64b02073 elementor-section-boxed elementor-section-gap-beside-yes elementor-section-height-default elementor-section-height-default elementor-section-column-vertical-align-stretch\" data-id=\"64b02073\" data-element_type=\"section\">\n\t\t\t\t\t\t<div class=\"elementor-container elementor-column-gap-extended\">\n\t\t\t\t\t<div class=\"elementor-column elementor-col-100 elementor-top-column elementor-element elementor-element-5fb648e4\" data-id=\"5fb648e4\" data-element_type=\"column\">\n\t\t\t<div class=\"elementor-widget-wrap elementor-element-populated\">\n\t\t\t\t\t\t<div class=\"elementor-element elementor-element-d6e2c3a elementor-widget elementor-widget-image\" data-id=\"d6e2c3a\" data-element_type=\"widget\" data-widget_type=\"image.default\">\n\t\t\t\t<div class=\"elementor-widget-container\">\n\t\t\t\t\t\t\t\t\t\t\t\t\t\t\t<img decoding=\"async\" src=\"https:\/\/educatiedeschisa.com\/wp-content\/uploads\/elementor\/thumbs\/privacy-policy-rh90ue0pws22cln7e5k95hh8h0eqjw2jdktykqnl60.jpg\" title=\"privacy policy\" alt=\"privacy policy\" loading=\"lazy\" \/>\t\t\t\t\t\t\t\t\t\t\t\t\t\t\t<\/div>\n\t\t\t\t<\/div>\n\t\t\t\t<div class=\"elementor-element elementor-element-340d4bcf elementor-widget elementor-widget-text-editor\" data-id=\"340d4bcf\" data-element_type=\"widget\" data-widget_type=\"text-editor.default\">\n\t\t\t\t<div class=\"elementor-widget-container\">\n\t\t\t\t\t\t\t\t\t<div class=\"row_site\">\n<div class=\"container_site\">\n<div id=\"main-content\" class=\"main\">\n<article id=\"post-3\" class=\"post-wrap post-3 page type-page status-publish hentry\">\n<h2>POLITICA DE CONFIDEN\u021aIALITATE<\/h2>\n<h2 class=\"wp-block-heading\">Cine suntem<\/h2>\n<p>Adresa site-ului nostru este: <a href=\"http:\/\/centroeducacionabierta.com\">centroeducacionabierta.com<\/a><\/p>\n<h2 class=\"wp-block-heading\">Feedback<\/h2>\n<p>C\u00e2nd vizitatorii las\u0103 comentarii pe site, colect\u0103m datele afi\u0219ate \u00een formularul de comentarii, precum \u0219i adresa IP a vizitatorului \u0219i \u0219irul de agent utilizator al browserului pentru a ajuta la detectarea spamului.<\/p>\n<p>Un \u0219ir anonimizat creat de la adresa ta de e-mail (numit \u0219i hash) poate fi furnizat serviciului Gravatar pentru a vedea dac\u0103 \u00eel folose\u0219ti. Politica de confiden\u021bialitate a serviciului Gravatar este disponibil\u0103 aici: https:\/\/automattic.com\/privacy\/. Dup\u0103 aprobarea comentariului dvs., fotografia de profil este vizibil\u0103 publicului \u00een contextul comentariului dvs.<\/p>\n<h2 class=\"wp-block-heading\">Media<\/h2>\n<p>Dac\u0103 \u00eenc\u0103rca\u021bi imagini pe site, ar trebui s\u0103 evita\u021bi \u00eenc\u0103rcarea imaginilor cu date de loca\u021bie (EXIF GPS) incluse. Vizitatorii site-ului web pot desc\u0103rca \u0219i extrage orice date de localizare din imaginile de pe site.<\/p>\n<h2 class=\"wp-block-heading\">Modulele cookie<\/h2>\n<p>Dac\u0103 l\u0103sa\u021bi un comentariu pe site-ul nostru, pute\u021bi alege s\u0103 v\u0103 salva\u021bi numele, adresa de e-mail \u0219i site-ul web \u00een cookie-uri. Acest lucru este pentru confortul dvs., astfel \u00eenc\u00e2t s\u0103 nu fie nevoie s\u0103 completa\u021bi din nou detaliile atunci c\u00e2nd l\u0103sa\u021bi un alt comentariu. Aceste cookie-uri vor dura un an.<\/p>\n<p>Dac\u0103 ave\u021bi un cont \u0219i v\u0103 conecta\u021bi la acest site, vom seta un cookie temporar pentru a determina dac\u0103 browserul dumneavoastr\u0103 accept\u0103 cookie-uri. Acest cookie nu con\u021bine date personale \u0219i este \u0219ters atunci c\u00e2nd \u00eenchide\u021bi browserul.<\/p>\n<p>C\u00e2nd v\u0103 conecta\u021bi, vom seta, de asemenea, diverse cookie-uri pentru a v\u0103 salva informa\u021biile de conectare \u0219i op\u021biunile de afi\u0219are a ecranului. Cookie-urile de acces dureaz\u0103 dou\u0103 zile, iar cookie-urile pentru op\u021biunile de ecran dureaz\u0103 un an. Dac\u0103 selecta\u021bi &#8222;\u021aine-m\u0103 minte&#8221;, accesul dumneavoastr\u0103 va dura dou\u0103 s\u0103pt\u0103m\u00e2ni. Dac\u0103 v\u0103 deconecta\u021bi de la contul dvs., cookie-urile de conectare vor fi \u0219terse.<\/p>\n<p>Dac\u0103 edita\u021bi sau publica\u021bi un articol, un cookie suplimentar va fi salvat \u00een browserul dvs. Acest cookie nu include date personale \u0219i indic\u0103 pur \u0219i simplu ID-ul articolului pe care tocmai l-a\u021bi editat. Expir\u0103 dup\u0103 1 zi.<\/p>\n<h2 class=\"wp-block-heading\">Con\u021binut \u00eencorporat de pe alte site-uri web<\/h2>\n<p>Articolele de pe acest site pot include con\u021binut \u00eencorporat (de exemplu, videoclipuri, imagini, articole etc.). Con\u021binutul \u00eencorporat de pe alte site-uri web se comport\u0103 exact \u00een acela\u0219i mod ca \u0219i cum vizitatorul ar fi vizitat cel\u0103lalt site web.<\/p>\n<p>Aceste site-uri web pot colecta date despre dvs., pot utiliza cookie-uri, pot \u00eencorpora urm\u0103rire suplimentar\u0103 de la ter\u021bi \u0219i v\u0103 pot monitoriza interac\u021biunea cu acel con\u021binut \u00eencorporat, inclusiv urm\u0103rirea interac\u021biunii dvs. cu con\u021binutul \u00eencorporat dac\u0103 ave\u021bi un cont \u0219i sunte\u021bi conectat la acel site.<\/p>\n<h2 class=\"wp-block-heading\">Cu cine partaj\u0103m datele dvs.<\/h2>\n<p>Dac\u0103 solicita\u021bi o resetare a parolei, adresa IP va fi inclus\u0103 \u00een e-mailul de resetare.<\/p>\n<h2 class=\"wp-block-heading\">C\u00e2t timp p\u0103str\u0103m datele dvs.<\/h2>\n<p>Dac\u0103 l\u0103sa\u021bi un comentariu, comentariul \u0219i metadatele sale sunt p\u0103strate pe termen nelimitat. Acest lucru este pentru a putea recunoa\u0219te \u0219i aproba automat comentariile succesive, mai degrab\u0103 dec\u00e2t s\u0103 le p\u0103str\u0103m \u00eentr-o coad\u0103 de moderare.<\/p>\n<p>De la utilizatorii care se \u00eenregistreaz\u0103 pe site-ul nostru (dac\u0103 exist\u0103), stoc\u0103m \u0219i informa\u021biile personale pe care le furnizeaz\u0103 \u00een profilul lor de utilizator. To\u021bi utilizatorii \u00ee\u0219i pot vizualiza, edita sau \u0219terge informa\u021biile personale \u00een orice moment (cu excep\u021bia faptului c\u0103 nu \u00ee\u0219i pot schimba numele de utilizator). Administratorii web pot vizualiza \u0219i edita aceste informa\u021bii.<\/p>\n<h2 class=\"wp-block-heading\">Ce drepturi ave\u021bi asupra datelor dvs.<\/h2>\n<p>Dac\u0103 ave\u021bi un cont sau a\u021bi l\u0103sat comentarii pe acest site, pute\u021bi solicita s\u0103 primi\u021bi un fi\u0219ier de export al datelor cu caracter personal pe care le de\u021binem despre dvs., inclusiv orice date pe care ni le-a\u021bi furnizat. De asemenea, pute\u021bi solicita \u0219tergerea oric\u0103ror date personale pe care le de\u021binem despre dvs. Aceasta nu include datele pe care trebuie s\u0103 le p\u0103str\u0103m \u00een scopuri administrative, legale sau de securitate.<\/p>\n<h2 class=\"wp-block-heading\">Unde sunt trimise datele dvs.<\/h2>\n<p>Comentariile vizitatorilor pot fi revizuite de un serviciu automat de detectare a spamului.<\/p>\n<\/article>\n<\/div>\n<\/div>\n<\/div>\t\t\t\t\t\t\t\t<\/div>\n\t\t\t\t<\/div>\n\t\t\t\t\t<\/div>\n\t\t<\/div>\n\t\t\t\t\t<\/div>\n\t\t<\/section>\n\t\t\t\t<\/div>\n\t\t","protected":false},"excerpt":{"rendered":"<p>POLITICA DE CONFIDEN\u021aIALITATE Cine suntem Adresa site-ului nostru este: centroeducacionabierta.com Feedback C\u00e2nd vizitatorii las\u0103 comentarii pe site, colect\u0103m datele afi\u0219ate \u00een formularul de comentarii, precum \u0219i adresa IP a vizitatorului \u0219i \u0219irul de agent utilizator al browserului pentru a ajuta la detectarea spamului. Un \u0219ir anonimizat creat de la adresa ta de e-mail (numit \u0219i hash) poate fi furnizat serviciului Gravatar pentru a vedea dac\u0103 \u00eel folose\u0219ti. Politica de confiden\u021bialitate a serviciului Gravatar este disponibil\u0103 aici: https:\/\/automattic.com\/privacy\/. Dup\u0103 aprobarea comentariului dvs., fotografia de profil este vizibil\u0103 publicului \u00een contextul comentariului dvs. Media Dac\u0103 \u00eenc\u0103rca\u021bi imagini pe site, ar trebui s\u0103 evita\u021bi \u00eenc\u0103rcarea imaginilor cu date de loca\u021bie (EXIF GPS) incluse. Vizitatorii site-ului web pot desc\u0103rca \u0219i extrage orice date de localizare din imaginile de pe site. Modulele cookie Dac\u0103 l\u0103sa\u021bi un comentariu pe site-ul nostru, pute\u021bi alege s\u0103 v\u0103 salva\u021bi numele, adresa de e-mail \u0219i site-ul web \u00een cookie-uri. Acest lucru este pentru confortul dvs., astfel \u00eenc\u00e2t s\u0103 nu fie nevoie s\u0103 completa\u021bi din nou detaliile atunci c\u00e2nd l\u0103sa\u021bi un alt comentariu. Aceste cookie-uri vor dura un an. Dac\u0103 ave\u021bi un cont \u0219i v\u0103 conecta\u021bi la acest site, vom seta un cookie temporar pentru a determina dac\u0103 browserul dumneavoastr\u0103 accept\u0103 cookie-uri. Acest cookie nu con\u021bine date personale \u0219i este \u0219ters atunci c\u00e2nd \u00eenchide\u021bi browserul. C\u00e2nd v\u0103 conecta\u021bi, vom seta, de asemenea, diverse cookie-uri pentru a v\u0103 salva informa\u021biile de conectare \u0219i op\u021biunile de afi\u0219are a ecranului. Cookie-urile de acces dureaz\u0103 dou\u0103 zile, iar cookie-urile pentru op\u021biunile de ecran dureaz\u0103 un an. Dac\u0103 selecta\u021bi &#8222;\u021aine-m\u0103 minte&#8221;, accesul dumneavoastr\u0103 va dura dou\u0103 s\u0103pt\u0103m\u00e2ni. Dac\u0103 v\u0103 deconecta\u021bi de la contul dvs., cookie-urile de conectare vor fi \u0219terse. Dac\u0103 edita\u021bi sau publica\u021bi un articol, un cookie suplimentar va fi salvat \u00een browserul dvs. Acest cookie nu include date personale \u0219i indic\u0103 pur \u0219i simplu ID-ul articolului pe care tocmai l-a\u021bi editat. Expir\u0103 dup\u0103 1 zi. Con\u021binut \u00eencorporat de pe alte site-uri web Articolele de pe acest site pot include con\u021binut \u00eencorporat (de exemplu, videoclipuri, imagini, articole etc.). Con\u021binutul \u00eencorporat de pe alte site-uri web se comport\u0103 exact \u00een acela\u0219i mod ca \u0219i cum vizitatorul ar fi vizitat cel\u0103lalt site web. Aceste site-uri web pot colecta date despre dvs., pot utiliza cookie-uri, pot \u00eencorpora urm\u0103rire suplimentar\u0103 de la ter\u021bi \u0219i v\u0103 pot monitoriza interac\u021biunea cu acel con\u021binut \u00eencorporat, inclusiv urm\u0103rirea interac\u021biunii dvs. cu con\u021binutul \u00eencorporat dac\u0103 ave\u021bi un cont \u0219i sunte\u021bi conectat la acel site. Cu cine partaj\u0103m datele dvs. Dac\u0103 solicita\u021bi o resetare a parolei, adresa IP va fi inclus\u0103 \u00een e-mailul de resetare. C\u00e2t timp p\u0103str\u0103m datele dvs. Dac\u0103 l\u0103sa\u021bi un comentariu, comentariul \u0219i metadatele sale sunt p\u0103strate pe termen nelimitat. Acest lucru este pentru a putea recunoa\u0219te \u0219i aproba automat comentariile succesive, mai degrab\u0103 dec\u00e2t s\u0103 le p\u0103str\u0103m \u00eentr-o coad\u0103 de moderare. De la utilizatorii care se \u00eenregistreaz\u0103 pe site-ul nostru (dac\u0103 exist\u0103), stoc\u0103m \u0219i informa\u021biile personale pe care le furnizeaz\u0103 \u00een profilul lor de utilizator. To\u021bi utilizatorii \u00ee\u0219i pot vizualiza, edita sau \u0219terge informa\u021biile personale \u00een orice moment (cu excep\u021bia faptului c\u0103 nu \u00ee\u0219i pot schimba numele de utilizator). Administratorii web pot vizualiza \u0219i edita aceste informa\u021bii. Ce drepturi ave\u021bi asupra datelor dvs. Dac\u0103 ave\u021bi un cont sau a\u021bi l\u0103sat comentarii pe acest site, pute\u021bi solicita s\u0103 primi\u021bi un fi\u0219ier de export al datelor cu caracter personal pe care le de\u021binem despre dvs., inclusiv orice date pe care ni le-a\u021bi furnizat. De asemenea, pute\u021bi solicita \u0219tergerea oric\u0103ror date personale pe care le de\u021binem despre dvs. Aceasta nu include datele pe care trebuie s\u0103 le p\u0103str\u0103m \u00een scopuri administrative, legale sau de securitate. Unde sunt trimise datele dvs. Comentariile vizitatorilor pot fi revizuite de un serviciu automat de detectare a spamului.<\/p>\n","protected":false},"author":1,"featured_media":0,"parent":0,"menu_order":0,"comment_status":"closed","ping_status":"closed","template":"","meta":{"footnotes":""},"class_list":["post-7766","page","type-page","status-publish","hentry","post-no-thumbnail"],"_links":{"self":[{"href":"https:\/\/educatiedeschisa.com\/ro\/wp-json\/wp\/v2\/pages\/7766","targetHints":{"allow":["GET"]}}],"collection":[{"href":"https:\/\/educatiedeschisa.com\/ro\/wp-json\/wp\/v2\/pages"}],"about":[{"href":"https:\/\/educatiedeschisa.com\/ro\/wp-json\/wp\/v2\/types\/page"}],"author":[{"embeddable":true,"href":"https:\/\/educatiedeschisa.com\/ro\/wp-json\/wp\/v2\/users\/1"}],"replies":[{"embeddable":true,"href":"https:\/\/educatiedeschisa.com\/ro\/wp-json\/wp\/v2\/comments?post=7766"}],"version-history":[{"count":1,"href":"https:\/\/educatiedeschisa.com\/ro\/wp-json\/wp\/v2\/pages\/7766\/revisions"}],"predecessor-version":[{"id":7767,"href":"https:\/\/educatiedeschisa.com\/ro\/wp-json\/wp\/v2\/pages\/7766\/revisions\/7767"}],"wp:attachment":[{"href":"https:\/\/educatiedeschisa.com\/ro\/wp-json\/wp\/v2\/media?parent=7766"}],"curies":[{"name":"wp","href":"https:\/\/api.w.org\/{rel}","templated":true}]}}