
{"id":7754,"date":"2020-11-10T08:47:07","date_gmt":"2020-11-10T08:47:07","guid":{"rendered":"https:\/\/educatiedeschisa.com\/tablou\/"},"modified":"2020-11-10T08:47:07","modified_gmt":"2020-11-10T08:47:07","slug":"tablou","status":"publish","type":"page","link":"https:\/\/educatiedeschisa.com\/ro\/tablou\/","title":{"rendered":"Tablou"},"content":{"rendered":"Te rog <a data-login_url=\"\" href=\"#\" class=\"tutor-open-login-modal\">Autentific\u0103-te<\/a> pentru a vedea aceast\u0103 pagin\u0103","protected":false},"excerpt":{"rendered":"<p>Te rog Autentific\u0103-te pentru a vedea aceast\u0103 pagin\u0103<\/p>\n","protected":false},"author":1,"featured_media":0,"parent":0,"menu_order":0,"comment_status":"closed","ping_status":"closed","template":"","meta":{"footnotes":""},"class_list":["post-7754","page","type-page","status-publish","hentry","post-no-thumbnail"],"_links":{"self":[{"href":"https:\/\/educatiedeschisa.com\/ro\/wp-json\/wp\/v2\/pages\/7754","targetHints":{"allow":["GET"]}}],"collection":[{"href":"https:\/\/educatiedeschisa.com\/ro\/wp-json\/wp\/v2\/pages"}],"about":[{"href":"https:\/\/educatiedeschisa.com\/ro\/wp-json\/wp\/v2\/types\/page"}],"author":[{"embeddable":true,"href":"https:\/\/educatiedeschisa.com\/ro\/wp-json\/wp\/v2\/users\/1"}],"replies":[{"embeddable":true,"href":"https:\/\/educatiedeschisa.com\/ro\/wp-json\/wp\/v2\/comments?post=7754"}],"version-history":[{"count":0,"href":"https:\/\/educatiedeschisa.com\/ro\/wp-json\/wp\/v2\/pages\/7754\/revisions"}],"wp:attachment":[{"href":"https:\/\/educatiedeschisa.com\/ro\/wp-json\/wp\/v2\/media?parent=7754"}],"curies":[{"name":"wp","href":"https:\/\/api.w.org\/{rel}","templated":true}]}}